{"id":112,"date":"2012-05-31T17:49:49","date_gmt":"2012-05-31T17:49:49","guid":{"rendered":"https:\/\/www.lto3.nl\/?page_id=112"},"modified":"2022-04-03T20:59:55","modified_gmt":"2022-04-03T18:59:55","slug":"lto3-erfahrungen","status":"publish","type":"page","link":"https:\/\/www.lto3.nl\/de\/lto3-erfahrungen\/","title":{"rendered":"LTO3-Erfahrungen"},"content":{"rendered":"<h2 class=\"wp-block-heading\">LTO3-Erfahrungen aus den Niederlanden<\/h2>\n\n\n\n<div class=\"wp-block-image is-style-rounded\"><figure class=\"alignright is-resized\"><a href=\"https:\/\/www.smartvital.eu\/\" target=\"_blank\" rel=\"nofollow noopener\"><img loading=\"lazy\" decoding=\"async\" src=\"https:\/\/www.lto3.nl\/wp-content\/uploads\/2012\/05\/vitaliteit-en-energie.jpg\" alt=\"LTO3-Erfahrungen\" class=\"wp-image-113\" width=\"218\" height=\"145\" title=\"LTO3-Erfahrungen\" srcset=\"https:\/\/www.lto3.nl\/wp-content\/uploads\/2012\/05\/vitaliteit-en-energie.jpg 450w, https:\/\/www.lto3.nl\/wp-content\/uploads\/2012\/05\/vitaliteit-en-energie-300x200.jpg 300w\" sizes=\"auto, (max-width: 218px) 100vw, 218px\" \/><\/a><\/figure><\/div>\n\n\n\n<p>Viele Menschen berichten, dass sie von der nat\u00fcrlichen Erg\u00e4nzung LTO3 enorm profitiert haben. Wir haben einige ihrer Erfahrungen auf dieser Seite ver\u00f6ffentlicht. Einige sind von Erwachsenen, andere von Kindern.<\/p>\n\n\n\n<p>In den Erfahrungsberichten geben einige Personen an, f\u00fcr welche Diagnose sie LTO3 einnehmen und wie es ihnen hilft. Einige Menschen geben sogar an, dass sie nach einiger Zeit in der Lage waren, die Einnahme bestimmter Medikamente einzustellen. Leider ist es uns aufgrund der neuen Gesetzgebung nicht gestattet, diese Informationen in den eingereichten LTO3-Erfahrungen zu ver\u00f6ffentlichen. Wir lassen daher die genannten Diagnosen und Medikamente weg.<\/p>\n\n\n\n<p>Wenn auch Sie Ihre Erfahrungen mit LTO3 white teilen m\u00f6chten, k\u00f6nnen Sie dies \u00fcber unser <a href=\"https:\/\/www.lto3.nl\/de\/kontakt\/\" data-type=\"page\" data-id=\"2116\">Kontakt-Formular<\/a> Bitte senden Sie es ein. Bitte geben Sie an, ob Sie Ihren Vor- und Nachnamen und eventuell Ihren Wohnort angeben m\u00f6chten.<\/p>\n\n\n\n<p>Nachfolgend finden Sie einige Erfahrungen von LTO3-Benutzern:<\/p>\n\n\n\n<div style=\"height:10px\" aria-hidden=\"true\" class=\"wp-block-spacer\"><\/div>\n\n\n\n<h3 class=\"wp-block-heading\">Menschen \u00fcber ihre Erfahrungen mit LTO3<\/h3>\n\n\n\n<div style=\"height:10px\" aria-hidden=\"true\" class=\"wp-block-spacer\"><\/div>\n\n\n\n<blockquote class=\"wp-block-quote is-style-default is-layout-flow wp-block-quote-is-layout-flow\"><p>\" Ich kann es kaum glauben. Heute Morgen habe ich meinem 8-j\u00e4hrigen Sohn, der sich sehr schlecht konzentrieren kann, sehr hyperaktiv und hochsensibel ist, 2 Tabletten gegeben. Heute kam der Lehrer extra mit ihm heraus. Ich dachte: \"Was hat er jetzt getan?\" Es stellte sich heraus, dass er zum ersten Mal seine Mathearbeit ohne Aufforderung fertiggestellt hatte..... sie war total erstaunt. Und heute Nachmittag hat er zum ersten Mal in seinem Leben 20 Minuten lang ruhig auf einem Sitzsack im Sonnenschein gelegen, was er normalerweise nicht eine Minute lang tun w\u00fcrde. ..... Das ist fast zu sch\u00f6n, um wahr zu sein.... Ich hoffe, es bleibt so. (Erfahrungen von Marry van Dijke)<\/p><\/blockquote>\n\n\n\n<blockquote class=\"wp-block-quote is-style-default is-layout-flow wp-block-quote-is-layout-flow\"><p>\"Unser Sohn benutzt LTO3 nun schon seit 3 Wochen und wir sind sehr zufrieden damit. Er hatte, als er ....... <em>(Name des Medikaments entf\u00e4llt)<\/em> Fr\u00fcher litt er sehr unter den Nebenwirkungen und f\u00fchlte sich regelm\u00e4\u00dfig unfit, jetzt hat er keine mehr. Er macht sich auch in der Schule gut, so dass wir es auf jeden Fall weiter verwenden wollen. Gr\u00fc\u00dfe Familie van 't hof\".<\/p><\/blockquote>\n\n\n\n<blockquote class=\"wp-block-quote is-style-default is-layout-flow wp-block-quote-is-layout-flow\"><p>\"Ich habe mit der Einnahme von LTO3 begonnen (letzten Samstag) und ich muss sagen, ich bin v\u00f6llig \u00fcberrascht, erstaunt und gl\u00fccklich dar\u00fcber, wie LTO3 wirkt. Was f\u00fcr ein fantastisches Produkt! Tats\u00e4chlich f\u00fchle ich mich nach den ersten 3 Kapseln viel ruhiger in meinem Kopf, in meinem K\u00f6rper, konzentrierter, klarer, entspannter, weniger leicht reizbar, gereizt, ungeduldig und weniger hyperaktiv. Ich bin total begeistert!!!\" (Erfahrung von Frau S. Barendsen)<\/p><\/blockquote>\n\n\n\n<blockquote class=\"wp-block-quote is-style-default is-layout-flow wp-block-quote-is-layout-flow\"><p>\"Mein Sohn, der A... <em>(Diagnose wird nicht genannt)<\/em> verwendet LTO3 nun seit etwa 2 Wochen. Er ist dreizehn Jahre alt und nimmt 2 Kapseln pro Tag. Was mir auff\u00e4llt, ist, dass er ruhiger ist, mehr nachdenkt und Dinge jetzt ohne Murren erledigt. Es hat also eine positive Wirkung. Auch in der Schule macht er sich gut. (Erfahrung von Frau P. Hillen)<\/p><\/blockquote>\n\n\n\n<blockquote class=\"wp-block-quote is-style-default is-layout-flow wp-block-quote-is-layout-flow\"><p>\"Wir verwenden LTO3 jetzt seit etwa einem Monat. Wir hatten (und haben, um ehrlich zu sein, immer noch) unsere Zweifel daran, wie das funktioniert. Aber unser Sohn sagt jetzt, dass er sich damit wohl f\u00fchlt und dass er einen Unterschied merkt, wenn er es einen Tag lang nicht benutzt. Deshalb haben wir einen neuen Auftrag erteilt\".<\/p><\/blockquote>\n\n\n\n<p>Suchen Sie nach weiteren LTO3-Benutzererfahrungen? An anderer Stelle im Internet finden Sie viele umfangreiche LTO3-Erfahrungen. Eine gute unabh\u00e4ngige alternative Website, auf der Sie umfangreiche und st\u00e4ndig neue Informationen finden\u00a0<a href=\"https:\/\/www.addkenmerken.net\/lto3-ervaringen\/\" target=\"_blank\" rel=\"noreferrer noopener\">LTO3-Erfahrungen<\/a> finden sich zum Beispiel in\u00a0<a href=\"https:\/\/www.addkenmerken.net\/lto3-ervaringen\/\" target=\"_blank\" rel=\"noreferrer noopener\">diese<\/a>.<\/p>\n\n\n\n<p>Suchen Sie nach weiteren Produktinformationen zu LTO3? Werfen Sie einen Blick auf <a href=\"https:\/\/www.lto3.nl\/de\/lto3-produktinformation\/\" data-type=\"page\" data-id=\"28\">Hier finden Sie detaillierte Informationen \u00fcber die Zusammensetzung und die Inhaltsstoffe von LTO3<\/a>.<\/p>\n\n\n\n<p>Auf unserer Homepage finden Sie noch viel mehr <a href=\"https:\/\/www.lto3.nl\/de\/\" data-type=\"page\" data-id=\"252\">LTO3-Informationen<\/a>.<\/p>\n\n\n\n<h2 class=\"wp-block-heading\">LTO3 selbst ausprobieren<\/h2>\n\n\n\n<p>M\u00f6chten Sie\u00a0<a href=\"https:\/\/smartvital.eu\/product\/lto3-origineel\/\" target=\"_blank\" rel=\"noopener\">M\u00f6chten Sie LTO3 selbst ausprobieren?<\/a>\u00a0Sie k\u00f6nnen das Originalprodukt verwenden\u00a0<a href=\"https:\/\/smartvital.eu\/product\/lto3-origineel\/\" target=\"_blank\" rel=\"noopener\">hier<\/a>\u00a0Bestellen Sie bei einem autorisierten H\u00e4ndler. Sie verf\u00fcgen \u00fcber die erforderliche jahrelange Erfahrung mit LTO3 und bieten eine gute Nachbetreuung. Wenn n\u00f6tig, helfen sie Ihnen weiter, zum Beispiel bei der Wahl der richtigen Dosierung oder wenn Sie noch Fragen haben. Sie stehen in direktem Kontakt mit dem Hersteller.  <\/p>\n\n\n\n<div class=\"wp-block-image is-style-default\"><figure class=\"aligncenter\"><a href=\"https:\/\/smartvital.eu\/product\/lto3-origineel\/\" target=\"_blank\" rel=\"nofollow noopener\"><img loading=\"lazy\" decoding=\"async\" width=\"500\" height=\"210\" src=\"https:\/\/www.lto3.nl\/wp-content\/uploads\/2013\/03\/lto3-bestellen2.jpg\" alt=\"Bestellung lto3\" class=\"wp-image-864\" title=\"lto3 Erfahrungen\" srcset=\"https:\/\/www.lto3.nl\/wp-content\/uploads\/2013\/03\/lto3-bestellen2.jpg 500w, https:\/\/www.lto3.nl\/wp-content\/uploads\/2013\/03\/lto3-bestellen2-300x126.jpg 300w\" sizes=\"auto, (max-width: 500px) 100vw, 500px\" \/><\/a><\/figure><\/div>","protected":false},"excerpt":{"rendered":"<p>LTO3-Erfahrungen aus den Niederlanden Viele Menschen berichten von gro\u00dfen Vorteilen durch das nat\u00fcrliche Erg\u00e4nzungsmittel LTO3. Wir haben einige ihrer Erfahrungen auf dieser Seite ver\u00f6ffentlicht. Einige sind von Erwachsenen, andere von Kindern. In den Erfahrungsberichten geben einige Leute an, f\u00fcr welche Diagnose sie LTO3 nehmen und wie es ihnen hilft. Manche Menschen geben an...<\/p>","protected":false},"author":1,"featured_media":2204,"parent":0,"menu_order":0,"comment_status":"closed","ping_status":"open","template":"","meta":{"_kad_post_transparent":"","_kad_post_title":"","_kad_post_layout":"","_kad_post_sidebar_id":"","_kad_post_content_style":"","_kad_post_vertical_padding":"","_kad_post_feature":"","_kad_post_feature_position":"","_kad_post_header":false,"_kad_post_footer":false,"footnotes":""},"class_list":["post-112","page","type-page","status-publish","has-post-thumbnail","hentry"],"_links":{"self":[{"href":"https:\/\/www.lto3.nl\/de\/wp-json\/wp\/v2\/pages\/112","targetHints":{"allow":["GET"]}}],"collection":[{"href":"https:\/\/www.lto3.nl\/de\/wp-json\/wp\/v2\/pages"}],"about":[{"href":"https:\/\/www.lto3.nl\/de\/wp-json\/wp\/v2\/types\/page"}],"author":[{"embeddable":true,"href":"https:\/\/www.lto3.nl\/de\/wp-json\/wp\/v2\/users\/1"}],"replies":[{"embeddable":true,"href":"https:\/\/www.lto3.nl\/de\/wp-json\/wp\/v2\/comments?post=112"}],"version-history":[{"count":0,"href":"https:\/\/www.lto3.nl\/de\/wp-json\/wp\/v2\/pages\/112\/revisions"}],"wp:featuredmedia":[{"embeddable":true,"href":"https:\/\/www.lto3.nl\/de\/wp-json\/wp\/v2\/media\/2204"}],"wp:attachment":[{"href":"https:\/\/www.lto3.nl\/de\/wp-json\/wp\/v2\/media?parent=112"}],"curies":[{"name":"wp","href":"https:\/\/api.w.org\/{rel}","templated":true}]}}