{"id":504,"date":"2012-09-02T09:33:53","date_gmt":"2012-09-02T09:33:53","guid":{"rendered":"https:\/\/www.lto3.nl\/?page_id=504"},"modified":"2022-12-22T14:45:40","modified_gmt":"2022-12-22T13:45:40","slug":"faq-lto3","status":"publish","type":"page","link":"https:\/\/www.lto3.nl\/de\/faq-lto3\/","title":{"rendered":"Fragen und Antworten LTO3 - FAQ"},"content":{"rendered":"<style>.kb-table-of-content-nav.kb-table-of-content-id_5f0ce4-7a .kb-table-of-content-wrap{margin-top:0px;margin-right:0px;margin-bottom:0px;margin-left:0px;padding-top:0px;padding-right:0px;padding-bottom:50px;padding-left:0px;}.kb-table-of-content-nav.kb-table-of-content-id_5f0ce4-7a .kb-table-of-contents-title-wrap{padding-top:0px;padding-right:0px;padding-bottom:0px;padding-left:0px;border-top-width:0px;border-right-width:0px;border-bottom-width:0px;border-left-width:0px;}.kb-table-of-content-nav.kb-table-of-content-id_5f0ce4-7a .kb-table-of-contents-title-wrap{color:var(--global-palette1, #3182CE);}.kb-table-of-content-nav.kb-table-of-content-id_5f0ce4-7a .kb-table-of-contents-title{color:var(--global-palette1, #3182CE);font-size:20px;font-weight:bold;font-style:normal;text-transform:none;}.kb-table-of-content-nav.kb-table-of-content-id_5f0ce4-7a .kb-table-of-content-wrap .kb-table-of-content-list{color:var(--global-palette3, #1A202C);font-weight:bold;font-style:normal;margin-top:20px;margin-right:0px;margin-bottom:0px;margin-left:-12px;}.kb-table-of-content-nav.kb-table-of-content-id_5f0ce4-7a .kb-table-of-content-wrap .kb-table-of-content-list .kb-table-of-contents__entry:hover{color:var(--global-palette1, #3182CE);}.kb-table-of-content-nav.kb-table-of-content-id_5f0ce4-7a .kb-table-of-content-list li{margin-bottom:2px;}.kb-table-of-content-nav.kb-table-of-content-id_5f0ce4-7a .kb-table-of-content-list li .kb-table-of-contents-list-sub{margin-top:2px;}@media all and (max-width: 1024px){.kb-table-of-content-nav.kb-table-of-content-id_5f0ce4-7a .kb-table-of-contents-title{font-size:18px;}}@media all and (max-width: 767px){.kb-table-of-content-nav.kb-table-of-content-id_5f0ce4-7a .kb-table-of-contents-title{font-size:15px;}}<\/style>\n\n<div id=\"rank-math-faq\" class=\"rank-math-block\">\n<div class=\"rank-math-list\">\n<div id=\"faq-question-1648651759064\" class=\"rank-math-list-item\">\n<h3 class=\"rank-math-question\" id=\"hoeveel-capsules-zitten-er-in-een-potje-lto3\">Wie viele Kapseln befinden sich in einem Glas LTO3?<\/h3>\n<div class=\"rank-math-answer\">\n\n<p>In einem <a href=\"https:\/\/www.lto3.nl\/de\/lto3-produktinformation\/\" data-type=\"page\" data-id=\"28\" data-schema-attribute=\"mentions\">Dose LTO3<\/a> enth\u00e4lt 90 Kapseln.<\/p>\n\n<\/div>\n<\/div>\n<div id=\"faq-question-1648651783460\" class=\"rank-math-list-item\">\n<h3 class=\"rank-math-question\" id=\"hoelang-doe-je-met-een-potje-lto3\">Wie lange h\u00e4lt eine Dose LTO3?<\/h3>\n<div class=\"rank-math-answer\">\n\n<p>Im Durchschnitt verbrauchen die meisten Menschen etwa 1 Monat LTO3. Dies gilt, wenn Sie t\u00e4glich 3 Kapseln einnehmen. Die Dauer h\u00e4ngt ganz von der Dosierung und der H\u00e4ufigkeit der Anwendung ab. Es gibt Leute, die LTO3 nur unter der Woche nutzen. Eine Dose reicht f\u00fcr ca. 6 Wochen, wenn Sie t\u00e4glich 3 Kapseln einnehmen. Hochsensible Menschen oder Kinder, die nur 1 oder 2 Kapseln pro Tag einnehmen, kommen 2 Monate oder l\u00e4nger mit einem Glas aus. Es gibt auch Leute, die am Ende des Nachmittags 2 weitere Kapseln einnehmen, um eine optimale Wirkung am Abend zu erzielen. Mit einem Glas machen sie nat\u00fcrlich weniger.<\/p>\n\n<\/div>\n<\/div>\n<div id=\"faq-question-1648827007318\" class=\"rank-math-list-item\">\n<h3 class=\"rank-math-question\" id=\"wat-is-lto3-en-wat-doet-het\">Was ist LTO3 und welche Funktionen hat es?<\/h3>\n<div class=\"rank-math-answer\">\n<img loading=\"lazy\" decoding=\"async\" width=\"160\" height=\"300\" src=\"https:\/\/www.lto3.nl\/wp-content\/uploads\/2021\/01\/LTO3-origineel-160x300.png\" class=\"alignright\" alt=\"Kaufen Sie LTO3, das Original. Was ist LTO3\" title=\"\">\n<p>LTO3 ist ein hochwertiges nat\u00fcrliches Nahrungserg\u00e4nzungsmittel, das Ihren K\u00f6rper entspannt und Sie gleichzeitig klar und wach h\u00e4lt. Es verbessert die Konzentration bei Kindern und Erwachsenen. Die Menschen berichten, dass sie dank LTO3 mehr Ruhe, Entspannung und eine bessere Stresstoleranz erfahren. LTO3 hat auch eine aufmunternde Wirkung, verbessert den Schlaf und verringert die Empfindlichkeit gegen\u00fcber Reizen.<\/p>\n\n<\/div>\n<\/div>\n<div id=\"faq-question-1648652087416\" class=\"rank-math-list-item\">\n<h3 class=\"rank-math-question\" id=\"wat-is-de-beste-lto3-dosering\">Was ist die beste LTO3-Dosierung?<\/h3>\n<div class=\"rank-math-answer\">\n\n<p>Die empfohlene Dosierung von LTO3 richtet sich nach dem K\u00f6rpergewicht, ist aber von Person zu Person sehr unterschiedlich. Die allgemeinen Richtlinien f\u00fcr eine korrekte LTO3-Dosierung sind:<\/p>\n<p> <strong>- Kinder bis 45 kg: 2 Kapseln, mindestens 10 Minuten vor dem Fr\u00fchst\u00fcck einnehmen.<\/strong><br \/><strong><br \/> - Erwachsene und Kinder \u00fcber 45 kg: 3 Kapseln, mindestens 10 Minuten vor dem Fr\u00fchst\u00fcck.<\/strong><\/p>\n<p>Diese Dosis ist in der Regel ausreichend, aber wenn die Symptome schwerwiegend sind, ist es manchmal hilfreich, eine h\u00f6here Dosis zu nehmen.<\/p>\n<p>Bei hochsensiblen Menschen k\u00f6nnen anfangs einige Nebenwirkungen auftreten. In diesem Fall empfiehlt es sich, die Dosis sofort auf 1 oder sogar eine halbe Kapsel pro Tag zu reduzieren. Im Laufe einiger Tage k\u00f6nnen Sie die Dosis langsam erh\u00f6hen. Der K\u00f6rper kann sich dann besser an die Inhaltsstoffe gew\u00f6hnen. Die Nebenwirkungen zeigen in der Regel an, dass der K\u00f6rper gut auf LTO3 anspricht, so dass Sie in der Regel im Laufe der Zeit eine positive Wirkung erleben werden. <\/p>\n<p>Sie k\u00f6nnen eine halbe Kapsel einnehmen, indem Sie sie \u00f6ffnen und den Inhalt mit etwas Apfelmus oder einem Getr\u00e4nk vermischen. Keine zuckerhaltigen Getr\u00e4nke, vorzugsweise nur Wasser.<\/p>\n\n<\/div>\n<\/div>\n<div id=\"faq-question-1648654977884\" class=\"rank-math-list-item\">\n<h3 class=\"rank-math-question\" id=\"hoe-snel-werkt-lto3\">Wie schnell arbeitet LTO3?<\/h3>\n<div class=\"rank-math-answer\">\n\n<p>LTO3 wird oft schon am ersten Tag wirksam. Die Wirkung tritt etwa 45 Minuten nach der Einnahme ein. Bei manchen Menschen dauert es einige Tage oder sogar einige Wochen, bis die Wirkung von LTO3 einsetzt, und in Ausnahmef\u00e4llen kann es bis zu zwei Monate dauern, bis die Wirkung optimal ist.<\/p>\n\n<\/div>\n<\/div>\n<div id=\"faq-question-1648653441886\" class=\"rank-math-list-item\">\n<h3 class=\"rank-math-question\" id=\"waarom-lto3-op-de-nuchtere-maag-innemen\">Warum sollte LTO3 auf n\u00fcchternen Magen eingenommen werden?<\/h3>\n<div class=\"rank-math-answer\">\n\n<p>F\u00fcr eine gute Aufnahme von LTO3 in das Blut ist es wichtig, dass der Magen-Darm-Trakt so leer wie m\u00f6glich ist. Insbesondere Zucker und Milchprodukte k\u00f6nnen die Aufnahme etwas behindern.<\/p>\n\n<\/div>\n<\/div>\n<div id=\"faq-question-1648653802812\" class=\"rank-math-list-item\">\n<h3 class=\"rank-math-question\" id=\"hoe-kan-ik-het-beste-lto3-innemen\">Wie kann ich LTO3 am besten einnehmen?<\/h3>\n<div class=\"rank-math-answer\">\n\n<p>Am besten ist es, wenn <a href=\"https:\/\/www.lto3.nl\/de\/\">LTO3<\/a> Mindestens 10 Minuten vor den Mahlzeiten mit Wasser oder Saft einnehmen. F\u00fcr eine optimale Aufnahme nehmen Sie es zusammen mit etwas ein, das keinen Zuckerzusatz enth\u00e4lt. Raffinierter Zucker kann die Aufnahme von LTO3 in das Blut etwas behindern. Auch Milchprodukte k\u00f6nnen die Aufnahme beeintr\u00e4chtigen, da sie eine Schleimschicht im Darm hinterlassen k\u00f6nnen. Warten Sie nach der Einnahme von LTO3 mindestens 10 Minuten mit dem Verzehr von Milchprodukten und mindestens 1 Stunde mit der Einnahme von raffiniertem Zucker.<\/p>\n\n<\/div>\n<\/div>\n<div id=\"faq-question-1648655163489\" class=\"rank-math-list-item\">\n<h3 class=\"rank-math-question\" id=\"hoe-lang-werkt-lto3\">Wie lange funktioniert LTO3?<\/h3>\n<div class=\"rank-math-answer\">\n\n<p>Im Durchschnitt wirkt LTO3 noch etwa 8 bis 12 Stunden nach der Einnahme. Wenn Sie zum ersten Mal mit der Einnahme beginnen, kann es ein paar Tage oder in seltenen F\u00e4llen sogar ein paar Wochen dauern, bis die Wirkung im K\u00f6rper einsetzt. Wenn Sie LTO3 eine Zeit lang eingenommen haben und dann die Einnahme unterbrechen, kann die Wirkung noch einige Tage anhalten, bevor sie verschwindet.<\/p>\n\n<\/div>\n<\/div>\n<div id=\"faq-question-1648654638490\" class=\"rank-math-list-item\">\n<h3 class=\"rank-math-question\" id=\"mag-lto3-tijdens-de-zwangerschap-en-borstvoeding-gebruikt-worden\">Kann LTO3 w\u00e4hrend der Schwangerschaft und Stillzeit angewendet werden?<\/h3>\n<div class=\"rank-math-answer\">\n\n<p>Grunds\u00e4tzlich ist die Einnahme von LTO3 in der Schwangerschaft und Stillzeit unbedenklich. Es ist jedoch immer ratsam, sicherheitshalber mit Ihrem Arzt zu sprechen. Sie k\u00f6nnen erw\u00e4hnen, dass LTO3 L-Theanin enth\u00e4lt, das den Serotonin- und Dopaminspiegel im Gehirn erh\u00f6ht. Au\u00dferdem enth\u00e4lt es Fisch\u00f6l und Blue Glide.<\/p>\n\n<\/div>\n<\/div>\n<div id=\"faq-question-1648654710756\" class=\"rank-math-list-item\">\n<h3 class=\"rank-math-question\" id=\"mijn-kind-krijgt-de-capsules-niet-doorgeslikt-kan-lto3-ook-anders-worden-ingenomen\">Mein Kind kann die Kapseln nicht schlucken. Kann LTO3 auch auf andere Weise eingenommen werden?<\/h3>\n<div class=\"rank-math-answer\">\n\n<p>Ja. Speziell f\u00fcr diese <a href=\"https:\/\/smartvital.eu\/product\/lto3-smaakloos\/\" target=\"_blank\" rel=\"noreferrer noopener\" data-schema-attribute=\"mentions\">LTO3 geschmacksneutral (No Taste)<\/a> entwickelt. Sie k\u00f6nnen die Kapseln einfach \u00f6ffnen und den Inhalt mit einem Getr\u00e4nk, einem Bissen Apfelmus oder etwas \u00c4hnlichem vermischen. Vorzugsweise keine Zuckerzus\u00e4tze und auch keine Milchprodukte, da diese die Aufnahme von LTO3 beeintr\u00e4chtigen k\u00f6nnen. Sie k\u00f6nnen das Pulver auch mit einem L\u00f6ffel reinem Dicksaft oder einem anderen zuckerfreien Sirup mischen. Das funktioniert oft gut. Die geschmacksneutrale Version von LTO3 hat keinen starken Fischgeschmack.<\/p>\n\n<\/div>\n<\/div>\n<div id=\"faq-question-1648655187770\" class=\"rank-math-list-item\">\n<h3 class=\"rank-math-question\" id=\"als-ik-na-2-weken-geen-effect-merk-kan-ik-dan-maar-beter-stoppen-met-lto3\">Sollte ich die Einnahme von LTO3 beenden, wenn ich nach zwei Wochen keine Wirkung bemerke?<\/h3>\n<div class=\"rank-math-answer\">\n\n<p>Es kann eine Weile dauern, bis sich die Auswirkungen von LTO3 bemerkbar machen. Wenn Sie nach einigen Wochen immer noch keine Wirkung feststellen, ist es am besten, die Dosis zu erh\u00f6hen. In den meisten F\u00e4llen wird dann LTO3 in Kraft treten.<\/p>\n\n<\/div>\n<\/div>\n<div id=\"faq-question-1648655499194\" class=\"rank-math-list-item\">\n<h3 class=\"rank-math-question\" id=\"werkt-lto3-bij-iedereen\">Ist LTO3 f\u00fcr jeden geeignet?<\/h3>\n<div class=\"rank-math-answer\">\n\n<p>LTO3 hat nachweislich eine positive Wirkung auf etwa 95% der Menschen. Oft mit gro\u00dfem Erfolg. Leider gibt es kein einziges Medikament, das f\u00fcr alle wirkt. Wenn Sie nach einigen Wochen immer noch keine Wirkung feststellen, ist es am besten, die Dosis zu erh\u00f6hen. In den meisten F\u00e4llen wird LTO3 dann noch funktionieren. Erst nach 6-8 Wochen k\u00f6nnen Sie eine endg\u00fcltige Schlussfolgerung ziehen. Leider profitiert eine kleine Gruppe von Menschen nicht davon.<\/p>\n\n<\/div>\n<\/div>\n<div id=\"faq-question-1648827621598\" class=\"rank-math-list-item\">\n<h3 class=\"rank-math-question\" id=\"wat-zijn-de-ingredienten-in-lto3\">Was sind die Inhaltsstoffe von LTO3?<\/h3>\n<div class=\"rank-math-answer\">\n\n<p>LTO3 enth\u00e4lt drei Inhaltsstoffe, die in einem bestimmten Verh\u00e4ltnis eine synergistische Wirkung haben. Dies bedeutet, dass sie sich gegenseitig in ihrer Wirkung verst\u00e4rken. Die Inhaltsstoffe sind <a href=\"https:\/\/www.lto3.nl\/de\/lto3-produktinformation\/\" data-type=\"page\" data-id=\"28\">L-Theanin, Fisch\u00f6l (Sementis) und blue-glide<\/a>. <\/p>\n<p>LTO3 geschmacklos \/ LTO3 no taste enth\u00e4lt kein Sementis, sondern eine andere Art von \u00f6kologischem Fisch\u00f6lkomplex. Es handelt sich um einen sehr hochwertigen nat\u00fcrlichen Wirkstoffkomplex mit Vitamin C und MEG-3\u00ae. MEG-3 ist ein geschmacksneutrales, raffiniertes und \u00e4u\u00dferst reines Fisch\u00f6lkonzentrat, das dank des patentierten Powder-loc\u2122-Mikroverkapselungsprozesses hergestellt wird. Es enth\u00e4lt hochwertige Omega-3-Fetts\u00e4uren EPA &amp; DHA und antioxidative ozeanische DNA.<br \/>Sowohl das normale LTO3 als auch das geschmacksneutrale LTO3 haben die gleiche Wirkung.<\/p>\n<p>Die Inhaltsstoffe sowohl des normalen LTO3 als auch der geschmacksneutralen Variante sind alle \u00f6kologisch und von h\u00f6chstm\u00f6glicher Reinheit. Dies macht LTO3 unvergleichbar mit allen anderen Produkten, die diese Inhaltsstoffe enthalten. Mehr \u00fcber die Zusammensetzung der LTO3-Kapseln, ausf\u00fchrliche Produktinformationen und die Wirkung der Inhaltsstoffe von LTO3 finden Sie unter dem untenstehenden Link:<\/p>\n<p><strong><a href=\"https:\/\/www.lto3.nl\/de\/lto3-produktinformation\/\" data-type=\"page\" data-id=\"28\">&gt; Umfassende LTO3-Produktinformation, Zusammensetzung und Wirkungsweise<\/a><\/strong><\/p>\n\n<\/div>\n<\/div>\n<div id=\"faq-question-1648727487565\" class=\"rank-math-list-item\">\n<h3 class=\"rank-math-question\" id=\"wat-zijn-de-voordelen-van-lto3\">Was sind die Vorteile von LTO3?<\/h3>\n<div class=\"rank-math-answer\">\n\n<p>Die Vorteile von LTO3 sind, dass es f\u00fcr viele Menschen eine beruhigende und erhebende Wirkung zu haben scheint, w\u00e4hrend es 100% nat\u00fcrlich ist. Es verbessert auch die Konzentration, hilft bei Stressresistenz und Nervenst\u00e4rke und f\u00f6rdert bei vielen den Schlaf. Ein weiterer gro\u00dfer Vorteil von LTO3 ist, dass es keinen Rebound-Effekt gibt. Der bekannte Effekt, der bei vielen stimulierenden Medikamenten auftritt, wenn sie nachlassen.<\/p>\n<p>Dar\u00fcber hinaus ist LTO3 ab einem Alter von 3 Jahren sicher anzuwenden, und es gibt keine bekannten Gegenanzeigen mit anderen Medikamenten oder (hom\u00f6opathischen) Mitteln. F\u00fcr LTO3 werden kaum Nebenwirkungen berichtet.<\/p>\n\n<\/div>\n<\/div>\n<div id=\"faq-question-1648729014496\" class=\"rank-math-list-item\">\n<h3 class=\"rank-math-question\" id=\"wat-zijn-de-nadelen-van-lto3\">Was sind die Nachteile von LTO3?<\/h3>\n<div class=\"rank-math-answer\">\n\n<p>Es gibt nur wenige Nachteile von LTO3. Es ist ein nat\u00fcrliches Erg\u00e4nzungsmittel, das bei vielen Menschen sehr gut zu wirken scheint und ab dem Alter von 3 Jahren sicher verwendet werden kann. Wir k\u00f6nnen uns 3 Nachteile vorstellen. Ein Nachteil ist, dass LTO3 nicht immer f\u00fcr jeden gut geeignet ist. Das gilt eigentlich f\u00fcr alle Nahrungserg\u00e4nzungsmittel oder Medikamente, aber es ist etwas, das man ber\u00fccksichtigen sollte. F\u00fcr etwa 95% der Menschen scheint es gut zu funktionieren. Manchmal funktioniert es vom ersten Tag an, und manchmal kann es ein paar Tage oder Wochen dauern, bis es optimal funktioniert.<\/p>\n<p>Ein zweiter Nachteil ist der Preis. Ein Glas ist nicht billig, das hat mit den hochwertigen Zutaten zu tun. Dies sind alles \u00f6kologische Zutaten, ein noch besserer Standard als Bio. <\/p>\n<p>Als letzten Nachteil m\u00f6chten wir betonen, dass bei hochsensiblen Menschen anfangs manchmal eine Zunahme der Symptome zu beobachten ist. Es ist dann am besten, die Dosis sofort auf 1 Kapsel zu reduzieren. Die verst\u00e4rkten Beschwerden klingen dann schnell ab und die Dosis kann langsam gesteigert werden.<\/p>\n\n<\/div>\n<\/div>\n<div id=\"faq-question-1648655534911\" class=\"rank-math-list-item\">\n<h3 class=\"rank-math-question\" id=\"heeft-lto3-bijwerkingen\">Hat LTO3 irgendwelche Nebenwirkungen?<\/h3>\n<div class=\"rank-math-answer\">\n\n<p>Seit der Markteinf\u00fchrung von LTO3 in Kanada im Jahr 2004 sind keine schweren Nebenwirkungen bekannt geworden. Bei hochsensiblen Menschen nehmen die Symptome anfangs manchmal zu. Es hilft dann, die Dosis sofort auf 1 oder sogar eine halbe Kapsel pro Tag zu reduzieren und, falls n\u00f6tig, langsam zu erh\u00f6hen. Du kannst eine halbe Kapsel pro Tag einnehmen, indem du die Kapsel \u00f6ffnest und dann etwa die H\u00e4lfte in einem zuckerfreien Getr\u00e4nk oder einem Bissen Essen aufl\u00f6st und die andere H\u00e4lfte am n\u00e4chsten Tag einnimmst. Diese Zunahme der Symptome ist in der Regel ein positives Zeichen daf\u00fcr, dass der K\u00f6rper auf LTO3 anspricht und bei richtiger Dosierung einen gro\u00dfen Nutzen bringen kann.<br \/>Bei einer bestehenden Fischallergie kann es in seltenen F\u00e4llen zu allergischen Reaktionen kommen. In diesem Fall empfehlen wir, LTO3 nicht oder nur in sehr geringen Dosen zu verwenden.<\/p>\n\n<\/div>\n<\/div>\n<div id=\"faq-question-1648655907143\" class=\"rank-math-list-item\">\n<h3 class=\"rank-math-question\" id=\"is-overdosering-van-lto3-mogelijk\">Ist eine \u00dcberdosierung von LTO3 m\u00f6glich?<\/h3>\n<div class=\"rank-math-answer\">\n\n<p>Nein, in den fast 20 Jahren, in denen LTO3 verwendet wurde (haupts\u00e4chlich in Kanada), gab es keine Berichte \u00fcber \u00dcberdosierungen.<\/p>\n\n<\/div>\n<\/div>\n<div id=\"faq-question-1648657209464\" class=\"rank-math-list-item\">\n<h3 class=\"rank-math-question\" id=\"is-lto3-gevaarlijk\">Ist LTO3 gef\u00e4hrlich?<\/h3>\n<div class=\"rank-math-answer\">\n\n<p>Nein, LTO3 wird in Kanada schon seit fast 20 Jahren vermarktet. Es gibt keine Berichte \u00fcber gef\u00e4hrliche Reaktionen oder Kontraindikationen mit Medikamenten.<\/p>\n\n<\/div>\n<\/div>\n<div id=\"faq-question-1648655967197\" class=\"rank-math-list-item\">\n<h3 class=\"rank-math-question\" id=\"kan-lto3-samen-met-medicatie-worden-genomen\">Kann LTO3 zusammen mit Medikamenten eingenommen werden?<\/h3>\n<div class=\"rank-math-answer\">\n\n<p>Ja, seit der Markteinf\u00fchrung von LTO3 in Kanada im Jahr 2004 gab es keine Berichte \u00fcber unerw\u00fcnschte Wirkungen in Kombination mit Medikamenten oder anderen Substanzen. Sie sollten Ihre Medikamente jedoch vorzugsweise mindestens 30 Minuten nach der Einnahme von LTO3 einnehmen. Antidepressiva, die auf das Serotoninsystem wirken, sollten mindestens 2 Stunden nach der Einnahme von LTO3 eingenommen werden. Wir empfehlen, dass Sie immer Ihren Arzt konsultieren.<\/p>\n\n<\/div>\n<\/div>\n<div id=\"faq-question-1648656148554\" class=\"rank-math-list-item\">\n<h3 class=\"rank-math-question\" id=\"is-lto3-veilig-voor-kinderen\">Ist LTO3 f\u00fcr Kinder sicher?<\/h3>\n<div class=\"rank-math-answer\">\n\n<p>Ja, Kinder \u00fcber 3 Jahren k\u00f6nnen LTO3 sicher einnehmen. Wenn das Schlucken der Kapseln Probleme bereitet, kann LTO3 no taste gew\u00e4hlt werden. Dies ist die geschmacklose Version. Sie k\u00f6nnen diese Kapseln \u00f6ffnen und sie mit etwas Wasser oder Apfelmus vermischen. Es ist besser, es nicht mit zuckerhaltigen Getr\u00e4nken einzunehmen.<\/p>\n\n<\/div>\n<\/div>\n<div id=\"faq-question-1648656278810\" class=\"rank-math-list-item\">\n<h3 class=\"rank-math-question\" id=\"welke-zorgverzekeraar-vergoedt-lto3\">Welche Krankenkasse erstattet LTO3?<\/h3>\n<div class=\"rank-math-answer\">\n\n<p>Viele Jahre lang war PNOzorg der Krankenversicherer, der LTO3 im Rahmen eines Zusatzpakets erstattete. Leider hat das aufgeh\u00f6rt. Die unten stehenden ZI-Nummern waren vorher in Gebrauch, aber diese Registrierung wurde jetzt eingestellt und die Nummern sind daher nicht mehr aktiv.<\/p>\n<p><strong>ZI-Nummer LTO3 Original: 15855015<\/p>\n<p>Zi-Nummer LTO3 geschmacksneutral: 15855023<\/strong><\/p>\n<p>Der Hauptgrund f\u00fcr die Nicht-Erstattung ist, dass LTO3 ein Nahrungserg\u00e4nzungsmittel ist und als solches nicht erstattungsf\u00e4hig ist. Die Kostenerstattung durch die Krankenkassen kann sich von Zeit zu Zeit \u00e4ndern. Es ist ratsam, deine Krankenkasse selbst um Informationen zu bitten. Deine Krankenkasse ist vielleicht bereit, dir die Kosten zu erstatten, wenn LTO3 dir geholfen hat, bestimmte Medikamente abzusetzen. Es ist einen Versuch wert.<\/p>\n\n<\/div>\n<\/div>\n<div id=\"faq-question-1648656741828\" class=\"rank-math-list-item\">\n<h3 class=\"rank-math-question\" id=\"waar-kun-je-lto3-kopen\">Wo kann ich LTO3 kaufen?<\/h3>\n<div class=\"rank-math-answer\">\n<img loading=\"lazy\" decoding=\"async\" width=\"160\" height=\"300\" src=\"https:\/\/www.lto3.nl\/wp-content\/uploads\/2021\/01\/LTO3-origineel-160x300.png\" class=\"alignright\" alt=\"Kaufen Sie LTO3, das Original. Was ist LTO3\" title=\"\">\n<p>Das Beste <a href=\"https:\/\/www.lto3.nl\/de\/bestellung-lto3\/\">LTO3 kaufen<\/a> vom offiziellen Vertragsh\u00e4ndler. Siehe den unten stehenden Link. Sie haben das Fachwissen und stehen in direktem Kontakt mit dem Hersteller. Der Vorteil ist, dass sie Ihnen eine professionelle Nachbetreuung bieten, zum Beispiel bei der Suche nach der richtigen Dosierung oder bei weiteren Fragen. Sie zahlen immer den niedrigsten Preis und sie liefern mit kostenlosem Versand ab 2 Gl\u00e4sern. M\u00f6chten Sie LTO3 selbst ausprobieren? Verwenden Sie den unten stehenden Link, um bei einem autorisierten H\u00e4ndler zu kaufen.<\/p>\n<p><strong><a href=\"https:\/\/smartvital.eu\/product\/lto3-origineel\/\" rel=\"nofollow noopener\" data-schema-attribute=\"mentions\" target=\"_blank\">&gt; Kaufen Sie LTO3 vom offiziellen autorisierten Distributor<\/a><\/strong><\/p>\n\n<\/div>\n<\/div>\n<\/div>\n<\/div>\n\n\n<p><\/p>","protected":false},"excerpt":{"rendered":"","protected":false},"author":1,"featured_media":2204,"parent":0,"menu_order":0,"comment_status":"closed","ping_status":"open","template":"","meta":{"_kad_post_transparent":"","_kad_post_title":"default","_kad_post_layout":"narrow","_kad_post_sidebar_id":"","_kad_post_content_style":"default","_kad_post_vertical_padding":"default","_kad_post_feature":"","_kad_post_feature_position":"default","_kad_post_header":false,"_kad_post_footer":false,"footnotes":""},"class_list":["post-504","page","type-page","status-publish","has-post-thumbnail","hentry"],"_links":{"self":[{"href":"https:\/\/www.lto3.nl\/de\/wp-json\/wp\/v2\/pages\/504","targetHints":{"allow":["GET"]}}],"collection":[{"href":"https:\/\/www.lto3.nl\/de\/wp-json\/wp\/v2\/pages"}],"about":[{"href":"https:\/\/www.lto3.nl\/de\/wp-json\/wp\/v2\/types\/page"}],"author":[{"embeddable":true,"href":"https:\/\/www.lto3.nl\/de\/wp-json\/wp\/v2\/users\/1"}],"replies":[{"embeddable":true,"href":"https:\/\/www.lto3.nl\/de\/wp-json\/wp\/v2\/comments?post=504"}],"version-history":[{"count":4,"href":"https:\/\/www.lto3.nl\/de\/wp-json\/wp\/v2\/pages\/504\/revisions"}],"predecessor-version":[{"id":2723,"href":"https:\/\/www.lto3.nl\/de\/wp-json\/wp\/v2\/pages\/504\/revisions\/2723"}],"wp:featuredmedia":[{"embeddable":true,"href":"https:\/\/www.lto3.nl\/de\/wp-json\/wp\/v2\/media\/2204"}],"wp:attachment":[{"href":"https:\/\/www.lto3.nl\/de\/wp-json\/wp\/v2\/media?parent=504"}],"curies":[{"name":"wp","href":"https:\/\/api.w.org\/{rel}","templated":true}]}}