{"id":112,"date":"2012-05-31T17:49:49","date_gmt":"2012-05-31T17:49:49","guid":{"rendered":"https:\/\/www.lto3.nl\/?page_id=112"},"modified":"2022-04-03T20:59:55","modified_gmt":"2022-04-03T18:59:55","slug":"experiences-lto3","status":"publish","type":"page","link":"https:\/\/www.lto3.nl\/fr\/experiences-lto3\/","title":{"rendered":"Exp\u00e9riences LTO3"},"content":{"rendered":"<h2 class=\"wp-block-heading\">Exp\u00e9riences de LTO3 aux Pays-Bas<\/h2>\n\n\n\n<div class=\"wp-block-image is-style-rounded\"><figure class=\"alignright is-resized\"><a href=\"https:\/\/www.smartvital.eu\/\" target=\"_blank\" rel=\"nofollow noopener\"><img loading=\"lazy\" decoding=\"async\" src=\"https:\/\/www.lto3.nl\/wp-content\/uploads\/2012\/05\/vitaliteit-en-energie.jpg\" alt=\"Exp\u00e9riences LTO3\" class=\"wp-image-113\" width=\"218\" height=\"145\" title=\"Exp\u00e9riences LTO3\" srcset=\"https:\/\/www.lto3.nl\/wp-content\/uploads\/2012\/05\/vitaliteit-en-energie.jpg 450w, https:\/\/www.lto3.nl\/wp-content\/uploads\/2012\/05\/vitaliteit-en-energie-300x200.jpg 300w\" sizes=\"auto, (max-width: 218px) 100vw, 218px\" \/><\/a><\/figure><\/div>\n\n\n\n<p>De nombreuses personnes d\u00e9clarent avoir tir\u00e9 d'\u00e9normes b\u00e9n\u00e9fices du compl\u00e9ment naturel LTO3. Nous avons plac\u00e9 certaines de leurs exp\u00e9riences sur cette page. Certaines proviennent d'adultes, d'autres d'enfants.<\/p>\n\n\n\n<p>Dans les exp\u00e9riences, certaines personnes indiquent pour quel diagnostic elles prennent LTO3 et comment cela les aide. Certaines personnes indiquent m\u00eame qu'elles ont pu arr\u00eater de prendre des m\u00e9dicaments sp\u00e9cifiques apr\u00e8s un certain temps. Malheureusement, en raison de la nouvelle l\u00e9gislation, nous ne sommes pas autoris\u00e9s \u00e0 partager ces informations dans les exp\u00e9riences LTO3 soumises. Nous omettons donc les diagnostics et les m\u00e9dicaments mentionn\u00e9s.<\/p>\n\n\n\n<p>Si vous souhaitez \u00e9galement partager votre exp\u00e9rience avec LTO3 white, vous pouvez le faire via notre site web <a href=\"https:\/\/www.lto3.nl\/fr\/contacter\/\" data-type=\"page\" data-id=\"2116\">formulaire de contact<\/a> veuillez l'envoyer. Veuillez indiquer si vous souhaitez inclure votre pr\u00e9nom, votre nom de famille et \u00e9ventuellement votre lieu de r\u00e9sidence.<\/p>\n\n\n\n<p>Vous trouverez ci-dessous quelques exp\u00e9riences d'utilisateurs de LTO3 :<\/p>\n\n\n\n<div style=\"height:10px\" aria-hidden=\"true\" class=\"wp-block-spacer\"><\/div>\n\n\n\n<h3 class=\"wp-block-heading\">Les gens parlent de leur exp\u00e9rience avec LTO3<\/h3>\n\n\n\n<div style=\"height:10px\" aria-hidden=\"true\" class=\"wp-block-spacer\"><\/div>\n\n\n\n<blockquote class=\"wp-block-quote is-style-default is-layout-flow wp-block-quote-is-layout-flow\"><p>\" J'ai du mal \u00e0 le croire. Ce matin, j'ai donn\u00e9 2 comprim\u00e9s \u00e0 mon fils de 8 ans qui a de tr\u00e8s faibles capacit\u00e9s de concentration, est tr\u00e8s hyperactif et tr\u00e8s sensible. Aujourd'hui, le professeur est sorti sp\u00e9cialement avec lui. J'ai pens\u00e9, \"Qu'est-ce qu'il a fait maintenant ?\" Il s'est av\u00e9r\u00e9 que, pour la premi\u00e8re fois, il avait termin\u00e9 son travail de math\u00e9matiques sans se faire prier..... elle \u00e9tait totalement \u00e9tonn\u00e9e. Et cet apr\u00e8s-midi, pour la premi\u00e8re fois de sa vie, il a pass\u00e9 20 minutes allong\u00e9 tranquillement sur un pouf au soleil, ce qu'il ne ferait normalement pas une minute...... C'est presque trop beau pour \u00eatre vrai.... J'esp\u00e8re que \u00e7a restera ainsi. (Exp\u00e9rience de Marry van Dijke)<\/p><\/blockquote>\n\n\n\n<blockquote class=\"wp-block-quote is-style-default is-layout-flow wp-block-quote-is-layout-flow\"><p>\"Notre fils utilise LTO3 depuis 3 semaines maintenant et nous en sommes tr\u00e8s satisfaits. Il avait quand il ....... <em>(nom du m\u00e9dicament omis)<\/em> Il souffrait beaucoup des effets secondaires et se sentait r\u00e9guli\u00e8rement en mauvaise forme physique, mais il n'en souffre plus. Il a \u00e9galement de bons r\u00e9sultats \u00e0 l'\u00e9cole et nous voulons absolument continuer \u00e0 l'utiliser. Salutations famille van 't hof\".<\/p><\/blockquote>\n\n\n\n<blockquote class=\"wp-block-quote is-style-default is-layout-flow wp-block-quote-is-layout-flow\"><p>\"J'ai commenc\u00e9 \u00e0 prendre LTO3 (samedi dernier) et je dois dire que je suis compl\u00e8tement surpris, \u00e9tonn\u00e9 et heureux de la fa\u00e7on dont LTO3 fonctionne. Quel produit fantastique ! En fait d\u00e8s les 3 premi\u00e8res capsules je me sens beaucoup plus calme dans ma t\u00eate, dans mon corps, plus concentr\u00e9e, claire, d\u00e9tendue, moins facilement irrit\u00e9e, irritable, impatiente et moins hyperactive. Je suis compl\u00e8tement stup\u00e9fait ! !!\" (Exp\u00e9rience de Mme S Barendsen)<\/p><\/blockquote>\n\n\n\n<blockquote class=\"wp-block-quote is-style-default is-layout-flow wp-block-quote-is-layout-flow\"><p>\"Mon fils qui est A... <em>(le diagnostic ne doit pas \u00eatre donn\u00e9)<\/em> utilise LTO3 depuis environ 2 semaines maintenant. Il a treize ans et utilise 2 capsules par jour. Ce que je remarque, c'est qu'il est plus calme, qu'il r\u00e9fl\u00e9chit davantage et qu'il fait maintenant les choses sans r\u00e2ler. Elle a donc un effet positif. Il travaille \u00e9galement bien \u00e0 l'\u00e9cole.\" (Exp\u00e9rience de Mme P Hillen)<\/p><\/blockquote>\n\n\n\n<blockquote class=\"wp-block-quote is-style-default is-layout-flow wp-block-quote-is-layout-flow\"><p>\"Nous utilisons LTO3 depuis environ un mois maintenant. Nous avions (et, pour \u00eatre honn\u00eate, nous avons toujours) des doutes sur son fonctionnement. Cependant, notre fils dit maintenant qu'il se sent \u00e0 l'aise avec lui et qu'il remarque une diff\u00e9rence lorsqu'il ne l'utilise pas pendant une journ\u00e9e. C'est pourquoi nous avons pass\u00e9 une nouvelle commande.\"<\/p><\/blockquote>\n\n\n\n<p>Vous recherchez d'autres exp\u00e9riences d'utilisateurs de LTO3 ? Ailleurs sur Internet, vous trouverez de nombreuses exp\u00e9riences approfondies sur le LTO3. Un bon site web alternatif ind\u00e9pendant o\u00f9 vous pouvez trouver des informations compl\u00e8tes et constamment nouvelles\u00a0<a href=\"https:\/\/www.addkenmerken.net\/lto3-ervaringen\/\" target=\"_blank\" rel=\"noreferrer noopener\">Exp\u00e9riences LTO3<\/a> peuvent \u00eatre trouv\u00e9s, par exemple, dans\u00a0<a href=\"https:\/\/www.addkenmerken.net\/lto3-ervaringen\/\" target=\"_blank\" rel=\"noreferrer noopener\">ce<\/a>.<\/p>\n\n\n\n<p>Vous recherchez des informations compl\u00e9mentaires sur les produits LTO3 ? Jetez un coup d'\u0153il \u00e0 <a href=\"https:\/\/www.lto3.nl\/fr\/lto3-information-sur-le-produit\/\" data-type=\"page\" data-id=\"28\">ici pour des informations d\u00e9taill\u00e9es sur la composition et les ingr\u00e9dients de LTO3<\/a>.<\/p>\n\n\n\n<p>Sur notre page d'accueil, vous trouverez \u00e9galement beaucoup d'autres informations. <a href=\"https:\/\/www.lto3.nl\/fr\/\" data-type=\"page\" data-id=\"252\">Informations sur le LTO3<\/a>.<\/p>\n\n\n\n<h2 class=\"wp-block-heading\">Essayez LTO3 vous-m\u00eame<\/h2>\n\n\n\n<p>Voulez-vous\u00a0<a href=\"https:\/\/smartvital.eu\/product\/lto3-origineel\/\" target=\"_blank\" rel=\"noopener\">Vous voulez essayer LTO3 vous-m\u00eame ?<\/a>\u00a0Vous pouvez utiliser le produit original\u00a0<a href=\"https:\/\/smartvital.eu\/product\/lto3-origineel\/\" target=\"_blank\" rel=\"noopener\">ici<\/a>\u00a0Commandez aupr\u00e8s du distributeur agr\u00e9\u00e9. Ils ont les ann\u00e9es d'expertise requises avec le LTO3 et offrent un bon service apr\u00e8s-vente. Si n\u00e9cessaire, ils vous aideront davantage, par exemple pour trouver le bon dosage ou si vous avez encore des questions. Ils sont en contact direct avec le fabricant.  <\/p>\n\n\n\n<div class=\"wp-block-image is-style-default\"><figure class=\"aligncenter\"><a href=\"https:\/\/smartvital.eu\/product\/lto3-origineel\/\" target=\"_blank\" rel=\"nofollow noopener\"><img loading=\"lazy\" decoding=\"async\" width=\"500\" height=\"210\" src=\"https:\/\/www.lto3.nl\/wp-content\/uploads\/2013\/03\/lto3-bestellen2.jpg\" alt=\"commande lto3\" class=\"wp-image-864\" title=\"exp\u00e9riences lto3\" srcset=\"https:\/\/www.lto3.nl\/wp-content\/uploads\/2013\/03\/lto3-bestellen2.jpg 500w, https:\/\/www.lto3.nl\/wp-content\/uploads\/2013\/03\/lto3-bestellen2-300x126.jpg 300w\" sizes=\"auto, (max-width: 500px) 100vw, 500px\" \/><\/a><\/figure><\/div>","protected":false},"excerpt":{"rendered":"<p>Exp\u00e9riences de LTO3 aux Pays-Bas De nombreuses personnes rapportent d'\u00e9normes avantages du compl\u00e9ment naturel LTO3. Nous avons plac\u00e9 certaines de leurs exp\u00e9riences sur cette page. Certains proviennent d'adultes, d'autres d'enfants. Dans les exp\u00e9riences, certaines personnes indiquent pour quel diagnostic elles prennent LTO3 et comment cela les aide. Certaines personnes indiquent...<\/p>","protected":false},"author":1,"featured_media":2204,"parent":0,"menu_order":0,"comment_status":"closed","ping_status":"open","template":"","meta":{"_kad_post_transparent":"","_kad_post_title":"","_kad_post_layout":"","_kad_post_sidebar_id":"","_kad_post_content_style":"","_kad_post_vertical_padding":"","_kad_post_feature":"","_kad_post_feature_position":"","_kad_post_header":false,"_kad_post_footer":false,"footnotes":""},"class_list":["post-112","page","type-page","status-publish","has-post-thumbnail","hentry"],"_links":{"self":[{"href":"https:\/\/www.lto3.nl\/fr\/wp-json\/wp\/v2\/pages\/112","targetHints":{"allow":["GET"]}}],"collection":[{"href":"https:\/\/www.lto3.nl\/fr\/wp-json\/wp\/v2\/pages"}],"about":[{"href":"https:\/\/www.lto3.nl\/fr\/wp-json\/wp\/v2\/types\/page"}],"author":[{"embeddable":true,"href":"https:\/\/www.lto3.nl\/fr\/wp-json\/wp\/v2\/users\/1"}],"replies":[{"embeddable":true,"href":"https:\/\/www.lto3.nl\/fr\/wp-json\/wp\/v2\/comments?post=112"}],"version-history":[{"count":0,"href":"https:\/\/www.lto3.nl\/fr\/wp-json\/wp\/v2\/pages\/112\/revisions"}],"wp:featuredmedia":[{"embeddable":true,"href":"https:\/\/www.lto3.nl\/fr\/wp-json\/wp\/v2\/media\/2204"}],"wp:attachment":[{"href":"https:\/\/www.lto3.nl\/fr\/wp-json\/wp\/v2\/media?parent=112"}],"curies":[{"name":"wp","href":"https:\/\/api.w.org\/{rel}","templated":true}]}}