{"id":2116,"date":"2022-03-30T21:20:34","date_gmt":"2022-03-30T21:20:34","guid":{"rendered":"https:\/\/www.lto3.nl\/?page_id=2116"},"modified":"2024-04-25T13:10:16","modified_gmt":"2024-04-25T11:10:16","slug":"contacter","status":"publish","type":"page","link":"https:\/\/www.lto3.nl\/fr\/contacter\/","title":{"rendered":"Contact"},"content":{"rendered":"<p>Vous avez une question sur le LTO3 ? <\/p>\n\n\n\n<p>Pour la plupart des questions, il est pr\u00e9f\u00e9rable de s'adresser \u00e0 la <a href=\"https:\/\/smartvital.eu\/\" rel=\"nofollow noopener\" target=\"_blank\"><strong>distributeur officiel autoris\u00e9<\/strong><\/a> Ils peuvent vous aider \u00e0 r\u00e9pondre \u00e0 presque toutes vos questions. Ils peuvent vous aider \u00e0 r\u00e9pondre \u00e0 presque toutes vos questions. Par exemple, si vous cherchez de l'aide pour trouver le bon dosage ou d'autres questions. Jetez \u00e9galement un coup d'\u0153il \u00e0 notre <a href=\"https:\/\/www.lto3.nl\/fr\/faq-lto3-dosering\/\">FAQ sur LTO3 o\u00f9 vous trouverez toutes les r\u00e9ponses aux questions les plus fr\u00e9quemment pos\u00e9es.<\/a> <\/p>\n\n\n\n<p>Vous pr\u00e9f\u00e9rez nous contacter ? Veuillez alors remplir le formulaire de contact ci-dessous. <\/p>\n\n\n\n<p>Tu peux communiquer en n\u00e9erlandais ou en anglais.<\/p>\n\n\n<style>.wp-block-kadence-form.kadence-form-2116_8da423-53.kb-form-wrap{margin-top:50px;margin-bottom:50px;}.kadence-form-2116_8da423-53 .kb-form .kadence-blocks-form-field{margin-bottom:35px;}.kadence-form-2116_8da423-53 .kb-form .kadence-blocks-form-field{padding-right:0px;padding-left:0px;}.kadence-form-2116_8da423-53 .kb-form{margin-right:-0px;margin-left:-0px;}.kadence-form-2116_8da423-53 .kb-form .kadence-blocks-form-field .kb-text-style-field, .kadence-form-2116_8da423-53 .kb-form .kadence-blocks-form-field .kb-select-style-field{border-radius:5px;border-width:0px 0px 1px 0px;border-color:rgba(148, 122, 5, 0.34);}.kadence-form-2116_8da423-53 .kb-form .kadence-blocks-form-field > label{padding-top:0px;padding-right:0px;padding-bottom:0px;}.kadence-form-2116_8da423-53 .kb-form .kadence-blocks-form-field .kb-forms-submit{border-radius:21px;border-width:0px 0px 0px 0px;background:var(--global-palette2, #2B6CB0);}.kadence-form-2116_8da423-53 .kb-form .kadence-blocks-form-field .kb-forms-submit:hover, .kadence-form-2116_8da423-53 .kb-form .kadence-blocks-form-field .kb-forms-submit:focus {background:rgba(45, 108, 46, 0.85);}.kb-form input.kadence-blocks-field.verify{opacity:0.0;position:absolute;top:0.0;left:0.0;width:0.0;height:0.0;z-index:-1;}@media all and (max-width: 767px){.wp-block-kadence-form.kadence-form-2116_8da423-53.kb-form-wrap{margin-top:0px;margin-right:-40px;margin-bottom:0px;margin-left:-40px;}}<\/style>\n<div class=\"wp-block-kadence-form alignwide kadence-form-2116_8da423-53 kb-form-wrap kb-form-align-center\"><form class=\"kb-form\" action=\"\" method=\"post\" data-error-message=\"Vul aub alle velden correct in\" data-trp-original-action=\"\"><div class=\"kadence-blocks-form-field kb-field-desk-width-75 kb-input-size-small\"><input name=\"kb_field_0\" id=\"kb_field_2116_8da423-53_0\" data-label=\"Naam\" type=\"text\" placeholder=\"Votre nom\" value=\"\" data-type=\"text\" class=\"kb-field kb-text-style-field kb-text-field kb-field-0\" autocomplete=\"given-name\" data-required=\"yes\" data-required-message=\"Naam is verplicht\"\/><\/div><div class=\"kadence-blocks-form-field kb-form-field-1 kb-field-desk-width-75 kb-input-size-small\"><input name=\"kb_field_1\" id=\"kb_field_2116_8da423-53_1\" data-label=\"E-mailadres\" type=\"email\" placeholder=\"Votre adresse \u00e9lectronique\" value=\"\" data-type=\"email\" class=\"kb-field kb-text-style-field kb-email-field kb-field-1\" data-required=\"yes\" data-required-message=\"E-mailadres is verplicht\" data-validation-message=\"E-mailadres is ongeldig\"\/><\/div><div class=\"kadence-blocks-form-field kb-form-field-2 kb-field-desk-width-75 kb-input-size-small\"><input name=\"kb_field_2\" id=\"kb_field_2116_8da423-53_2\" data-label=\"Onderwerp\" type=\"text\" placeholder=\"Sujet\" value=\"\" data-type=\"text\" class=\"kb-field kb-text-style-field kb-text-field kb-field-2\" autocomplete=\"off\" data-required=\"yes\" data-required-message=\"Onderwerp is verplicht\"\/><\/div><div class=\"kadence-blocks-form-field kb-form-field-3 kb-field-desk-width-75 kb-input-size-small\"><textarea name=\"kb_field_3\" id=\"kb_field_2116_8da423-53_3\" data-label=\"Bericht\" type=\"textarea\" placeholder=\"Ton message en n\u00e9erlandais ou en anglais\" data-type=\"textarea\" class=\"kb-field kb-text-style-field kb-textarea-field kb-field-3\" rows=\"5\" data-required=\"yes\" data-required-message=\"Een bericht is verplicht\"><\/textarea><\/div><input type=\"hidden\" name=\"_kb_form_id\" value=\"2116_8da423-53\"\/><input type=\"hidden\" name=\"_kb_form_post_id\" value=\"2116\"\/><input type=\"hidden\" name=\"action\" value=\"kb_process_ajax_submit\"\/><label class=\"kadence-verify-label\">Courriel :<input class=\"kadence-blocks-field verify\" type=\"text\" name=\"_kb_verify_email\" autocomplete=\"new-password\" aria-hidden=\"true\" placeholder=\"Courriel :\" tabindex=\"-1\" data-1p-ignore=\"true\" data-lpignore=\"true\" \/><\/label><div class=\"kadence-blocks-form-field kb-submit-field kb-field-desk-width-50\"><button class=\"kb-forms-submit button kb-button-size-standard kb-button-width-full\">Envoyer<\/button><\/div><input type=\"hidden\" name=\"trp-form-language\" value=\"fr\"\/><\/form><\/div>\n<noscript><div class=\"kadence-blocks-form-message kadence-blocks-form-warning\">Veuillez activer JavaScript dans votre navigateur pour envoyer le formulaire.<\/div><style>.kadence-form-2116_8da423-53 .kadence-blocks-form-field.kb-submit-field { display: none; }<\/style><\/noscript>","protected":false},"excerpt":{"rendered":"<p>Tu as une question sur LTO3 ? Pour la plupart des questions, il est pr\u00e9f\u00e9rable de contacter directement le distributeur officiel agr\u00e9\u00e9. Ils peuvent t'aider avec presque toutes tes questions. Par exemple, si tu cherches de l'aide pour trouver le bon dosage ou d'autres questions. Consulte aussi notre FAQ sur LTO3...<\/p>","protected":false},"author":1,"featured_media":2204,"parent":0,"menu_order":0,"comment_status":"closed","ping_status":"closed","template":"","meta":{"_kad_post_transparent":"","_kad_post_title":"","_kad_post_layout":"default","_kad_post_sidebar_id":"","_kad_post_content_style":"","_kad_post_vertical_padding":"","_kad_post_feature":"","_kad_post_feature_position":"","_kad_post_header":false,"_kad_post_footer":false,"footnotes":""},"class_list":["post-2116","page","type-page","status-publish","has-post-thumbnail","hentry"],"_links":{"self":[{"href":"https:\/\/www.lto3.nl\/fr\/wp-json\/wp\/v2\/pages\/2116","targetHints":{"allow":["GET"]}}],"collection":[{"href":"https:\/\/www.lto3.nl\/fr\/wp-json\/wp\/v2\/pages"}],"about":[{"href":"https:\/\/www.lto3.nl\/fr\/wp-json\/wp\/v2\/types\/page"}],"author":[{"embeddable":true,"href":"https:\/\/www.lto3.nl\/fr\/wp-json\/wp\/v2\/users\/1"}],"replies":[{"embeddable":true,"href":"https:\/\/www.lto3.nl\/fr\/wp-json\/wp\/v2\/comments?post=2116"}],"version-history":[{"count":4,"href":"https:\/\/www.lto3.nl\/fr\/wp-json\/wp\/v2\/pages\/2116\/revisions"}],"predecessor-version":[{"id":2755,"href":"https:\/\/www.lto3.nl\/fr\/wp-json\/wp\/v2\/pages\/2116\/revisions\/2755"}],"wp:featuredmedia":[{"embeddable":true,"href":"https:\/\/www.lto3.nl\/fr\/wp-json\/wp\/v2\/media\/2204"}],"wp:attachment":[{"href":"https:\/\/www.lto3.nl\/fr\/wp-json\/wp\/v2\/media?parent=2116"}],"curies":[{"name":"wp","href":"https:\/\/api.w.org\/{rel}","templated":true}]}}