{"id":252,"date":"2012-06-06T13:38:36","date_gmt":"2012-06-06T13:38:36","guid":{"rendered":"https:\/\/www.lto3.nl\/?page_id=252"},"modified":"2024-02-22T11:39:30","modified_gmt":"2024-02-22T10:39:30","slug":"lto3","status":"publish","type":"page","link":"https:\/\/www.lto3.nl\/fr\/","title":{"rendered":"Informations sur LTO3, ingr\u00e9dients, action, o\u00f9 acheter LTO3, posologie, exp\u00e9riences avec LTO3 et autres."},"content":{"rendered":"<h2 class=\"wp-block-heading\">Informations sur le LTO3 et achat du LTO3<\/h2>\n\n\n\n<p>La meilleure fa\u00e7on d'acheter des LTO3 <a href=\"https:\/\/smartvital.eu\/supplementen\/\" target=\"_blank\" rel=\"noreferrer noopener nofollow\" data-schema-attribute=\"about\">ici, chez le distributeur officiel autoris\u00e9<\/a>. Ils disposent de l'expertise n\u00e9cessaire, offrent de bonnes informations et un bon suivi et sont en contact direct avec le fabricant. Ici, vous payez toujours le prix le plus bas, et si vous commandez 2 pots LTO3 ou plus, vous ne payez pas de frais de port.<\/p>\n\n\n\n<p><strong><a href=\"https:\/\/smartvital.eu\/product\/lto3-origineel\/\" target=\"_blank\" data-schema-attribute=\"mentions\" rel=\"noreferrer noopener nofollow\">&gt; Commander un LTO3 aupr\u00e8s d'un distributeur agr\u00e9\u00e9 (prix le plus bas possible)<\/a><\/strong><\/p>\n\n\n\n<div style=\"height:10px\" aria-hidden=\"true\" class=\"wp-block-spacer\"><\/div>\n\n\n\n<h2 class=\"wp-block-heading\">Qu'est-ce que le LTO3 et qu'apporte-t-il aux gens ?<\/h2>\n\n\n<div class=\"wp-block-image is-style-default\">\n<figure class=\"alignright size-full is-resized\"><a href=\"https:\/\/www.lto3.nl\/fr\/commande-lto3\/\"><img loading=\"lazy\" decoding=\"async\" width=\"319\" height=\"600\" src=\"https:\/\/www.lto3.nl\/wp-content\/uploads\/2021\/01\/LTO3-origineel.png\" alt=\"Achetez du LTO3, l&#039;original. Qu&#039;est-ce que le LTO3 ?\" class=\"wp-image-1877\" style=\"width:165px;height:310px\" title=\"\" srcset=\"https:\/\/www.lto3.nl\/wp-content\/uploads\/2021\/01\/LTO3-origineel.png 319w, https:\/\/www.lto3.nl\/wp-content\/uploads\/2021\/01\/LTO3-origineel-160x300.png 160w\" sizes=\"auto, (max-width: 319px) 100vw, 319px\" \/><\/a><\/figure><\/div>\n\n\n<p class=\"has-text-align-left\">LTO3 est un produit naturel 100% contenant <strong>des ingr\u00e9dients \u00e9cologiques tr\u00e8s purs et de haute qualit\u00e9<\/strong>. Il est originaire du Canada, mais est devenu assez exclusif aux Pays-Bas et dans les pays voisins. <a href=\"https:\/\/www.lto3.nl\/fr\/commande-lto3\/\" data-type=\"page\" data-id=\"84\">\u00e0 vendre<\/a>.<br><br>Le LTO3 d\u00e9tend le corps, tandis que l'esprit reste clair et alerte. Les gens disent ressentir plus de calme, une meilleure concentration et une meilleure r\u00e9sistance au stress. Tant chez les enfants que chez les adultes. Il agit \u00e9galement de mani\u00e8re \u00e9difiante, am\u00e9liore le sommeil et r\u00e9duit l'irritabilit\u00e9.<br><br>Il est utilis\u00e9 par de plus en plus de personnes, avec beaucoup de succ\u00e8s, pour une vari\u00e9t\u00e9 de plaintes. Malheureusement, nous ne sommes plus autoris\u00e9s \u00e0 \u00e9num\u00e9rer toutes ces plaintes et diagnostics sp\u00e9cifiques. Plus bas sur la page, cependant, vous lirez certains des avantages et des propri\u00e9t\u00e9s distinctives de LTO3 que ses ingr\u00e9dients vous offrent. Vous trouverez \u00e9galement des exp\u00e9riences d'utilisateurs de LTO3. Vous pouvez maintenant en savoir plus sur les ingr\u00e9dients de LTO3.<\/p>\n\n\n\n<div style=\"height:5px\" aria-hidden=\"true\" class=\"wp-block-spacer\"><\/div>\n\n\n\n<h3 class=\"wp-block-heading\">Les ingr\u00e9dients du LTO3<\/h3>\n\n\n\n<p>Les 3 principaux ingr\u00e9dients de LTO3 sont <strong>L-Th\u00e9anine, huile de poisson om\u00e9ga 3 sous forme de complexe de Sementis et d'armoise bleue.<\/strong>. Ces ingr\u00e9dients r\u00e9unis, dans le bon dosage, fournissent un effet synergique. Cela signifie qu'ils renforcent leur effet mutuel.<\/p>\n\n\n\n<div style=\"height:1px\" aria-hidden=\"true\" class=\"wp-block-spacer\"><\/div>\n\n\n\n<h4 class=\"wp-block-heading\">Sementis<\/h4>\n\n\n\n<p>LTO3 doit son effet sp\u00e9cial et son exclusivit\u00e9 en partie \u00e0 Sementis. Il s'agit d'un <strong>complexe d'ingr\u00e9dients \u00e9cologiques de tr\u00e8s haute qualit\u00e9<\/strong> avec diverses propri\u00e9t\u00e9s positives pour le corps. En plus de contenir de tr\u00e8s <strong>des \u0153ufs de poisson purs de harengs de l'Atlantique sauvages captur\u00e9s<\/strong>\u00e9galement <strong>vitamine C, zinc, s\u00e9l\u00e9nium et polypeptides riches en L-arginine<\/strong>. La composition \u00e9quilibr\u00e9e de Sementis maximise la biodisponibilit\u00e9 des compos\u00e9s actifs et procure ainsi un fort effet synergique. Vous trouverez ci-dessous quelques caract\u00e9ristiques sp\u00e9cifiques du complexe de Sementis :<\/p>\n\n\n\n<div style=\"height:1px\" aria-hidden=\"true\" class=\"wp-block-spacer\"><\/div>\n\n\n\n<h5 class=\"wp-block-heading\">Propri\u00e9t\u00e9s du puissant complexe de Sementis dans LTO3<\/h5>\n\n\n\n<ul class=\"wp-block-list\">\n<li>100% \u00e9cologique<\/li>\n\n\n\n<li>Biodisponibilit\u00e9 tr\u00e8s \u00e9lev\u00e9e des acides gras om\u00e9ga-3 purs (EPA et DHA)<\/li>\n\n\n\n<li>Fortes propri\u00e9t\u00e9s antioxydantes<\/li>\n\n\n\n<li>Un effet positif sur le syst\u00e8me immunitaire et la flore intestinale<\/li>\n\n\n\n<li>Renforce les signaux nerveux dans le cerveau<\/li>\n\n\n\n<li>A un effet positif sur les fonctions dopaminergiques et le syst\u00e8me hormonal, entre autres.<\/li>\n\n\n\n<li>Augmente le niveau de dopamine disponible dans le cerveau<\/li>\n\n\n\n<li>Aide \u00e0 la pr\u00e9vention du processus de vieillissement cellulaire<\/li>\n\n\n\n<li>Aide \u00e0 la r\u00e9paration des cellules<\/li>\n\n\n\n<li>Soutient la pression sanguine, le c\u0153ur et les parois veineuses<\/li>\n\n\n\n<li>Contient de la vitamine C, du zinc et du s\u00e9l\u00e9nium facilement absorbables.<\/li>\n<\/ul>\n\n\n\n<p>Pour plus d'informations sur la composition de LTO3, les ingr\u00e9dients contenus dans LTO3 tels que la L-th\u00e9anine et les herbes bleues, ainsi que des informations compl\u00e9mentaires sur leurs effets, veuillez consulter la page <a href=\"https:\/\/www.lto3.nl\/fr\/lto3-information-sur-le-produit\/\" target=\"_blank\" rel=\"noopener\">Informations sur le produit LTO3<\/a>&nbsp;page.<\/p>\n\n\n\n<div style=\"height:5px\" aria-hidden=\"true\" class=\"wp-block-spacer\"><\/div>\n\n\n\n<h2 class=\"wp-block-heading\">Exp\u00e9riences LTO3<\/h2>\n\n\n\n<p>De plus en plus de personnes font \u00e9tat des grands bienfaits de LTO3. Malheureusement, les exp\u00e9riences de LTO3 ne nous permettent pas de refl\u00e9ter les diagnostics pour lesquels ils le prennent sp\u00e9cifiquement ou les m\u00e9dicaments qu'ils ont pu arr\u00eater de prendre. Voici quelques exp\u00e9riences d'utilisateurs de LTO3 pour lesquelles nous avons omis de mentionner un diagnostic ou un m\u00e9dicament :<\/p>\n\n\n\n<div style=\"height:1px\" aria-hidden=\"true\" class=\"wp-block-spacer\"><\/div>\n\n\n\n<p><strong>Marry van Dijke<\/strong><\/p>\n\n\n\n<blockquote class=\"wp-block-quote is-style-default is-layout-flow wp-block-quote-is-layout-flow\">\n<p>\" J'ai du mal \u00e0 le croire. Ce matin, j'ai donn\u00e9 2 comprim\u00e9s \u00e0 mon fils de 8 ans qui a de tr\u00e8s faibles capacit\u00e9s de concentration, est tr\u00e8s hyperactif et tr\u00e8s sensible. Aujourd'hui, le professeur est sorti sp\u00e9cialement avec lui. J'ai pens\u00e9, \"Qu'est-ce qu'il a fait maintenant ?\" Il s'est av\u00e9r\u00e9 que, pour la premi\u00e8re fois, il avait termin\u00e9 son travail de math\u00e9matiques sans se faire prier..... elle \u00e9tait totalement \u00e9tonn\u00e9e. Et cet apr\u00e8s-midi, pour la premi\u00e8re fois de sa vie, il a pass\u00e9 20 minutes allong\u00e9 tranquillement sur un pouf au soleil, ce qu'il ne ferait normalement pas une minute...... C'est presque trop beau pour \u00eatre vrai.... J'esp\u00e8re que \u00e7a restera ainsi.<\/p>\n<\/blockquote>\n\n\n\n<p><strong>Famille van 't Hof<\/strong><\/p>\n\n\n\n<blockquote class=\"wp-block-quote is-style-default is-layout-flow wp-block-quote-is-layout-flow\">\n<p>\"Notre fils utilise LTO3 depuis 3 semaines maintenant et nous en sommes tr\u00e8s satisfaits. Il l'avait fait quand il a utilis\u00e9 ....... Lorsqu'il utilisait (nous ne sommes pas autoris\u00e9s \u00e0 montrer ce m\u00e9dicament), il souffrait beaucoup des effets secondaires et \u00e0 cause de cela, il ne se sentait pas r\u00e9guli\u00e8rement en forme et maintenant il ne souffre plus de cela. Il a \u00e9galement de bons r\u00e9sultats \u00e0 l'\u00e9cole et nous voulons absolument continuer \u00e0 l'utiliser. Salutations famille van 't hof\".<\/p>\n<\/blockquote>\n\n\n\n<p><strong>S Barendsen<\/strong><\/p>\n\n\n\n<blockquote class=\"wp-block-quote is-style-default is-layout-flow wp-block-quote-is-layout-flow\">\n<p>\"J'ai commenc\u00e9 \u00e0 prendre LTO3 (samedi dernier) et je dois dire que je suis compl\u00e8tement surpris, \u00e9tonn\u00e9 et heureux de la fa\u00e7on dont LTO3 fonctionne. Quel produit fantastique ! En fait d\u00e8s les 3 premi\u00e8res capsules je me sens beaucoup plus calme dans ma t\u00eate, dans mon corps, plus concentr\u00e9e, claire, d\u00e9tendue, moins facilement irrit\u00e9e, irritable, impatiente et moins hyperactive. Je suis compl\u00e8tement stup\u00e9fait ! !!\"<\/p>\n<\/blockquote>\n\n\n\n<p><strong>P Hillen<\/strong><\/p>\n\n\n\n<blockquote class=\"wp-block-quote is-style-default is-layout-flow wp-block-quote-is-layout-flow\">\n<p>\"Mon fils, qui est atteint d'un... (le diagnostic ne doit pas \u00eatre affich\u00e9), utilise LTO3 depuis environ deux semaines. Il a treize ans et utilise 2 capsules par jour. Ce que je remarque, c'est qu'il est plus calme, qu'il r\u00e9fl\u00e9chit davantage et qu'il fait maintenant les choses sans r\u00e2ler. Il a donc un effet positif. Il a \u00e9galement de bons r\u00e9sultats \u00e0 l'\u00e9cole.<\/p>\n<\/blockquote>\n\n\n\n<p><strong>Anonyme<\/strong><\/p>\n\n\n\n<blockquote class=\"wp-block-quote is-style-default is-layout-flow wp-block-quote-is-layout-flow\">\n<p>\"Nous utilisons LTO3 depuis environ un mois maintenant. Nous avions (et, pour \u00eatre honn\u00eate, nous avons toujours) des doutes sur son fonctionnement. Cependant, notre fils dit maintenant qu'il se sent \u00e0 l'aise avec lui et qu'il remarque une diff\u00e9rence lorsqu'il ne l'utilise pas pendant une journ\u00e9e. C'est pourquoi nous avons pass\u00e9 une nouvelle commande.\"<\/p>\n<\/blockquote>\n\n\n\n<div style=\"height:25px\" aria-hidden=\"true\" class=\"wp-block-spacer\"><\/div>\n\n\n\n<p>Pour en savoir plus <a href=\"https:\/\/www.addkenmerken.net\/lto3-ervaringen\/\" target=\"_blank\" rel=\"noopener\">Exp\u00e9riences LTO3<\/a> vous pouvez aller ailleurs sur Internet. Il existe plusieurs sites internet ind\u00e9pendants qui fournissent des informations compl\u00e8tes sur <a href=\"https:\/\/www.addkenmerken.net\/lto3\/\" target=\"_blank\" rel=\"noopener\">LTO3<\/a> Nous ajoutons \u00e9galement en permanence de nouvelles exp\u00e9riences pour les utilisateurs de LTO3. Nous vous recommandons les liens indiqu\u00e9s.<\/p>\n\n\n\n<p>Voulez-vous <a href=\"https:\/\/smartvital.eu\/product\/lto3-origineel\/\" target=\"_blank\" rel=\"noreferrer noopener\">Essayez LTO3 vous-m\u00eame<\/a> vous pouvez alors utiliser le produit original <a href=\"https:\/\/smartvital.eu\/product\/lto3-origineel\/\" target=\"_blank\" rel=\"noopener\">ici<\/a> commander aupr\u00e8s du distributeur agr\u00e9\u00e9.<\/p>\n\n\n\n<div style=\"height:5px\" aria-hidden=\"true\" class=\"wp-block-spacer\"><\/div>\n\n\n\n<h2 class=\"wp-block-heading\">Avantages du LTO3<\/h2>\n\n\n\n<p>L'avantage de LTO3 est qu'il est 100% naturel et que les personnes qui l'utilisent ne ressentent pratiquement jamais d'effets secondaires. Depuis 12 ans qu'il est utilis\u00e9 au Canada, les effets secondaires n'ont pratiquement jamais \u00e9t\u00e9 signal\u00e9s.<\/p>\n\n\n<div class=\"wp-block-image is-style-rounded\">\n<figure class=\"alignright size-full is-resized\"><a href=\"https:\/\/www.lto3.nl\/wp-content\/uploads\/2012\/06\/vitaliteit.jpg\"><img loading=\"lazy\" decoding=\"async\" width=\"341\" height=\"226\" src=\"https:\/\/www.lto3.nl\/wp-content\/uploads\/2012\/06\/vitaliteit.jpg\" alt=\"en forme et vitalit\u00e9 avec lto3, \u00e0 quelle vitesse fonctionne lto3 ?\" class=\"wp-image-1484\" style=\"width:288px;height:191px\" title=\"\" srcset=\"https:\/\/www.lto3.nl\/wp-content\/uploads\/2012\/06\/vitaliteit.jpg 341w, https:\/\/www.lto3.nl\/wp-content\/uploads\/2012\/06\/vitaliteit-300x199.jpg 300w\" sizes=\"auto, (max-width: 341px) 100vw, 341px\" \/><\/a><\/figure><\/div>\n\n\n<p>Un autre avantage est que LTO3 peut \u00eatre utilis\u00e9 en toute s\u00e9curit\u00e9 par toute personne \u00e2g\u00e9e de 3 ans et plus et qu'il ne pr\u00e9sente aucune contre-indication avec d'autres m\u00e9dicaments. LTO3 n'est en aucun cas nuisible.<\/p>\n\n\n\n<p>En outre, LTO3 fonctionne pendant 8 \u00e0 10 heures dans la journ\u00e9e, ne cr\u00e9e pas de d\u00e9pendance et n'a pas d'effet de rebond. Cet effet signifie que les plaintes s'aggravent temporairement lorsque l'effet est moindre, comme c'est souvent le cas avec les m\u00e9dicaments.<\/p>\n\n\n\n<p>Vous trouverez ci-dessous une liste d'avantages pour lesquels LTO3 peut vous aider.<\/p>\n\n\n\n<p><strong>LTO3 a \u00e9t\u00e9 prouv\u00e9 chez un tr\u00e8s grand nombre de personnes pour...<\/strong><\/p>\n\n\n\n<ul class=\"wp-block-list\">\n<li>Am\u00e9lioration de l'\u00e9tat d'esprit<\/li>\n\n\n\n<li>Augmentation de la relaxation et du repos sans somnolence<\/li>\n\n\n\n<li>Am\u00e9lioration de la concentration et de la vigilance<\/li>\n\n\n\n<li>R\u00e9duction de la fatigue \u00e9motionnelle et physique<\/li>\n\n\n\n<li>Favoriser le sommeil<\/li>\n\n\n\n<li>R\u00e9duction du stress et de l'anxi\u00e9t\u00e9<\/li>\n\n\n\n<li>Am\u00e9liorer la capacit\u00e9 d'apprentissage, les capacit\u00e9s de r\u00e9flexion et la m\u00e9moire<\/li>\n\n\n\n<li>R\u00e9duction de l'agitation<\/li>\n<\/ul>\n\n\n\n<div style=\"height:5px\" aria-hidden=\"true\" class=\"wp-block-spacer\"><\/div>\n\n\n\n<h3 class=\"wp-block-heading\">Caract\u00e9ristiques g\u00e9n\u00e9rales et avantages du LTO3<\/h3>\n\n\n\n<p>Le LTO3 poss\u00e8de plusieurs propri\u00e9t\u00e9s. Vous trouverez ci-dessous les noms exacts de ces derniers.<\/p>\n\n\n\n<ul class=\"wp-block-list\">\n<li>100% produit naturel avec des ingr\u00e9dients de la plus grande puret\u00e9 possible<\/li>\n\n\n\n<li>Agit dans les 30 \u00e0 40 minutes apr\u00e8s l'ingestion<\/li>\n\n\n\n<li>Effet longue dur\u00e9e de 8 \u00e0 10 heures pendant la journ\u00e9e.<\/li>\n\n\n\n<li>Renforce le syst\u00e8me immunitaire et la flore intestinale<\/li>\n\n\n\n<li>Un fort effet antioxydant<\/li>\n\n\n\n<li>Am\u00e9liore la transmission des impulsions dans le cerveau<\/li>\n\n\n\n<li>Convient aux adultes et aux enfants \u00e0 partir de 3 ans.<\/li>\n\n\n\n<li>Il s'est av\u00e9r\u00e9 \u00eatre une excellente alternative pour de nombreuses personnes souffrant de divers probl\u00e8mes.<\/li>\n\n\n\n<li>Les capsules sont faciles \u00e0 ouvrir pour les m\u00e9langer dans de l'eau par exemple.<\/li>\n\n\n\n<li>LTO3 n'a pas d'effets secondaires<\/li>\n\n\n\n<li>Aucune contre-indication connue avec les m\u00e9dicaments<\/li>\n\n\n\n<li>LTO3 n'a pas d'effet de rebond par lequel les sympt\u00f4mes s'aggravent apr\u00e8s l'application.<\/li>\n\n\n\n<li>Le LTO3 ne cr\u00e9e pas de d\u00e9pendance<\/li>\n<\/ul>\n\n\n\n<p>Pour <a href=\"https:\/\/www.lto3.nl\/fr\/faq-lto3-dosering\/\">r\u00e9ponses aux questions fr\u00e9quemment pos\u00e9es<\/a> \u00c0 propos de LTO3, vous pouvez <a title=\"FAQ- questions fr\u00e9quemment pos\u00e9es LTO3\" href=\"https:\/\/www.lto3.nl\/fr\/faq-lto3-dosering\/\">ici<\/a>&nbsp;regarder. <\/p>\n\n\n\n<p>Tu trouveras ci-dessous quelques r\u00e9ponses \u00e0 des questions sur LTO3.<\/p>\n\n\n\n<div style=\"height:25px\" aria-hidden=\"true\" class=\"wp-block-spacer\"><\/div>\n\n\n<div id=\"rank-math-faq\" class=\"rank-math-block\">\n<div class=\"rank-math-list\">\n<div id=\"faq-question-1655499256655\" class=\"rank-math-list-item\">\n<h2 class=\"rank-math-question\" id=\"waar-staat-lto3-voor\">Que signifie LTO3 ?<\/h2>\n<div class=\"rank-math-answer\">\n\n<p>LTO3 est l'abr\u00e9viation de L-theanine Omega 3. Cependant, ce ne sont pas les seuls ingr\u00e9dients du suppl\u00e9ment. LTO3 contient le complexe Sementis, qui comprend l'huile de poisson om\u00e9ga 3 tr\u00e8s pure. LTO3 contient aussi du blue-glide.<\/p>\n\n<\/div>\n<\/div>\n<\/div>\n<\/div>\n\n<div id=\"rank-math-faq\" class=\"rank-math-block\">\n<div class=\"rank-math-list\">\n<div id=\"faq-question-1648669539577\" class=\"rank-math-list-item\">\n<h2 class=\"rank-math-question\" id=\"hoe-snel-begint-lto3-te-werken\">A quelle vitesse le LTO3 commence-t-il \u00e0 fonctionner ?<\/h2>\n<div class=\"rank-math-answer\">\n\n<p>Dans de nombreux cas, l'OLT3 prend effet d\u00e8s le premier jour ou les premiers jours. Cependant, certaines personnes ne remarquent un effet qu'apr\u00e8s 2 semaines et d'autres indiquent qu'il n'a commenc\u00e9 \u00e0 fonctionner de mani\u00e8re optimale qu'apr\u00e8s 6 semaines. Cela peut \u00eatre li\u00e9, entre autres, \u00e0 l'effet antioxydant.<\/p>\n<p>Laissez donc \u00e0 votre corps le temps de s'habituer au LTO3. L'effet du LTO3 n'est vraiment optimal qu'apr\u00e8s 2 mois. Chez certaines personnes, LTO3 a juste besoin d'un peu de temps pour faire effet dans le corps.<\/p>\n<p>Veuillez noter que LTO3 est un rem\u00e8de naturel et n'agit pas de la m\u00eame mani\u00e8re que les m\u00e9dicaments pharmaceutiques. Lorsque LTO3 commence \u00e0 faire effet, il le fait 30 \u00e0 40 minutes apr\u00e8s l'ingestion, et ce temps est tr\u00e8s court.\u00a0<strong>travaux<\/strong>\u00a0Puis, tout au long de la journ\u00e9e, certains\u00a0<strong>8 - 10 heures par<\/strong>.<\/p>\n\n<\/div>\n<\/div>\n<\/div>\n<\/div>\n\n<div id=\"rank-math-faq\" class=\"rank-math-block\">\n<div class=\"rank-math-list\">\n<div id=\"faq-question-1648669708575\" class=\"rank-math-list-item\">\n<h2 class=\"rank-math-question\" id=\"wat-is-lto3-smaakloos-no-taste\">Qu'est-ce que le LTO3 est sans go\u00fbt \/ Sans go\u00fbt ?<\/h2>\n<div class=\"rank-math-answer\">\n\n<p>En plus du LTO3 ordinaire, il y a \u00e9galement <a href=\"https:\/\/smartvital.eu\/product\/lto3-smaakloos\/\" target=\"_blank\" data-schema-attribute=\"about mentions\" rel=\"noreferrer noopener\">LTO3 sans go\u00fbt<\/a>. La diff\u00e9rence est que ce LTO3 est sans go\u00fbt et convient donc mieux aux personnes qui veulent ouvrir les g\u00e9lules, par exemple pour les m\u00e9langer avec de la compote de pommes ou du liquide. Vous \u00eates donc moins g\u00ean\u00e9 par le go\u00fbt de poisson du LTO3.<\/p>\n<p>Le LTO3 sans go\u00fbt ne contient cependant pas de Sementis mais un autre complexe d'ingr\u00e9dients naturels de haute qualit\u00e9 avec de la vitamine C et du MEG-3\u00ae. MEG-3 est un concentr\u00e9 d'huile de poisson insipide, raffin\u00e9 et extr\u00eamement pur, produit gr\u00e2ce au proc\u00e9d\u00e9 brevet\u00e9 de microencapsulation Powder-loc\u2122. Il contient des acides gras om\u00e9ga-3 de haute qualit\u00e9 EPA et DHA et de l'ADN oc\u00e9anique antioxydant.<\/p>\n<p>Le LTO3 normal et le LTO3 sans go\u00fbt ont le m\u00eame effet.<\/p>\n\n<\/div>\n<\/div>\n<\/div>\n<\/div>\n\n<div id=\"rank-math-faq\" class=\"rank-math-block\">\n<div class=\"rank-math-list\">\n<div id=\"faq-question-1648672154304\" class=\"rank-math-list-item\">\n<h2 class=\"rank-math-question\" id=\"waar-koop-je-de-originele-lto3\"><strong>O\u00f9 acheter le LTO3 original ?<\/strong><\/h2>\n<div class=\"rank-math-answer\">\n\n<p>LTO3 est un produit exclusif. Vous ne le trouverez pas, par exemple, chez Kruidvat ou Etos. Vous pouvez acheter le <a href=\"https:\/\/www.lto3.nl\/fr\/commande-lto3\/\">Commande le LTO3 original ici<\/a> chez le distributeur agr\u00e9\u00e9. Vous y paierez toujours le prix le plus bas. Ils disposent de l'expertise n\u00e9cessaire et offrent un excellent service apr\u00e8s-vente, par exemple si vous avez besoin de conseils pour trouver le bon dosage ou si vous avez des questions. Vous b\u00e9n\u00e9ficierez de la livraison gratuite \u00e0 partir de 2 bouteilles. Un pot de LTO3 contient des capsules. Il n'y a pas de chutes de LTO3.<\/p>\n<p><em>Attention : depuis la fin de l'ann\u00e9e 2017, il semble qu'il existe sur le march\u00e9 des produits qui tentent d'imiter le LTO3. Ils utilisent souvent une \u00e9tiquette diff\u00e9rente mais en partie le m\u00eame nom. Les ingr\u00e9dients peuvent sembler partiellement similaires sur l'\u00e9tiquette, mais en r\u00e9alit\u00e9, ils ne le sont en aucune fa\u00e7on. Tout d'abord, elles utilisent des ingr\u00e9dients de bien moindre qualit\u00e9, mais plus important encore, ces imitations ne contiennent pas le complexe Sementis ni le concentr\u00e9 d'huile de poisson MEG-3 de LTO3 sans go\u00fbt. Il s'agit pr\u00e9cis\u00e9ment d'un complexe d'ingr\u00e9dients \u00e9cologiques tr\u00e8s puissants dans LTO3. C'est la principale raison pour laquelle tant de personnes partagent des exp\u00e9riences positives sur LTO3 depuis pr\u00e8s de 20 ans.<\/em><\/p>\n\n<\/div>\n<\/div>\n<\/div>\n<\/div>\n\n<div id=\"rank-math-faq\" class=\"rank-math-block\">\n<div class=\"rank-math-list\">\n<div id=\"faq-question-1648670784781\" class=\"rank-math-list-item\">\n<h3 class=\"rank-math-question\" id=\"wat-is-sementis-in-lto3\"><mark class=\"has-inline-color has-theme-palette-3-color\">Qu'est-ce que Sementis dans LTO3 ?<\/mark><\/h3>\n<div class=\"rank-math-answer\">\n\n<p>Sementis est une marque d\u00e9pos\u00e9e d'Ocean Nutrasciences et vise \u00e0 pr\u00e9venir le processus de vieillissement cellulaire, \u00e0 r\u00e9parer les cellules et \u00e0 stimuler le syst\u00e8me immunitaire. Il s'agit d'un hydrolysat de plantes, contenant de l'ADN (polynucl\u00e9otides), des polypeptides riches en arginine et des acides gras polyinsatur\u00e9s om\u00e9ga-3 de grande puret\u00e9 (EPA et DHA), sous forme de triglyc\u00e9rides et de phospholipides. Les semences contiennent \u00e9galement de la vitamine C, du zinc et du s\u00e9l\u00e9nium.<\/p>\n<p>La composition \u00e9cologique \u00e9quilibr\u00e9e de Sementis maximise la biodisponibilit\u00e9 des compos\u00e9s actifs et a un fort effet synergique. Le Sementis offre de nombreuses propri\u00e9t\u00e9s positives pour le corps que vous pouvez lire en haut de la page.<\/p>\n<p>Le LTO3 original de Herb-e-Concept contient des ingr\u00e9dients de la plus haute qualit\u00e9 possible, dont le complexe Sementis pur. Vous ne trouverez ce complexe Sementis dans aucune autre imitation de suppl\u00e9ment.<\/p>\n\n<\/div>\n<\/div>\n<\/div>\n<\/div>\n\n\n<h3 class=\"wp-block-heading\">LTO3 et le Passeport Intellectuel<\/h3>\n\n\n\n<p>Le LTO3 a \u00e9galement re\u00e7u le passeport intellectuel. Ce n'est pas une co\u00efncidence. Cela signifie que le suppl\u00e9ment ne peut et ne doit pas \u00eatre copi\u00e9 en raison de sa qualit\u00e9 exceptionnellement \u00e9lev\u00e9e. <a href=\"https:\/\/smartvital.eu\/product\/lto3-origineel\/\" rel=\"nofollow noopener\" target=\"_blank\">Le LTO3 original<\/a> a prouv\u00e9 depuis pr\u00e8s de 20 ans qu'il avait un effet extr\u00eamement positif sur toute une s\u00e9rie de probl\u00e8mes. Cela est enti\u00e8rement d\u00fb \u00e0 sa grande qualit\u00e9 \u00e9cologique. <\/p>\n\n\n\n<p>Ne vous laissez donc pas tromper par les mauvaises imitations et choisissez l'original. Vous pouvez alors \u00eatre s\u00fbr du bon fonctionnement et obtenir le meilleur r\u00e9sultat positif possible. <\/p>\n\n\n\n<p><strong><a href=\"https:\/\/smartvital.eu\/product\/lto3-origineel\/\" rel=\"nofollow noopener\" data-schema-attribute=\"mentions\" target=\"_blank\">&gt; Commander LTO3 aupr\u00e8s d'un distributeur agr\u00e9\u00e9<\/a><\/strong><\/p>\n\n\n\n<div style=\"height:30px\" aria-hidden=\"true\" class=\"wp-block-spacer\"><\/div>\n\n\n\n<p><em>www.lto3.nl est un site web autonome d'information sur le compl\u00e9ment naturel LTO3. Nous ne sommes pas un distributeur ou un point de vente de LTO3 et nous travaillons de mani\u00e8re ind\u00e9pendante.<\/em><\/p>","protected":false},"excerpt":{"rendered":"<p>Informations sur LTO3 et achat de LTO3 Le meilleur endroit pour acheter LTO3 est ici, chez le distributeur officiel autoris\u00e9. Ils ont l'expertise, offrent de bonnes informations et un bon service apr\u00e8s-vente, et ont un contact direct avec le fabricant. Ici, tu paies toujours le prix le plus bas, et si tu commandes 2 pots de LTO3 ou plus, tu ne paies pas de frais de port. &gt; Commande LTO3 \u00e0...<\/p>","protected":false},"author":1,"featured_media":2204,"parent":0,"menu_order":0,"comment_status":"open","ping_status":"closed","template":"","meta":{"_kad_post_transparent":"","_kad_post_title":"","_kad_post_layout":"","_kad_post_sidebar_id":"","_kad_post_content_style":"","_kad_post_vertical_padding":"","_kad_post_feature":"","_kad_post_feature_position":"","_kad_post_header":false,"_kad_post_footer":false,"footnotes":""},"class_list":["post-252","page","type-page","status-publish","has-post-thumbnail","hentry"],"_links":{"self":[{"href":"https:\/\/www.lto3.nl\/fr\/wp-json\/wp\/v2\/pages\/252","targetHints":{"allow":["GET"]}}],"collection":[{"href":"https:\/\/www.lto3.nl\/fr\/wp-json\/wp\/v2\/pages"}],"about":[{"href":"https:\/\/www.lto3.nl\/fr\/wp-json\/wp\/v2\/types\/page"}],"author":[{"embeddable":true,"href":"https:\/\/www.lto3.nl\/fr\/wp-json\/wp\/v2\/users\/1"}],"replies":[{"embeddable":true,"href":"https:\/\/www.lto3.nl\/fr\/wp-json\/wp\/v2\/comments?post=252"}],"version-history":[{"count":10,"href":"https:\/\/www.lto3.nl\/fr\/wp-json\/wp\/v2\/pages\/252\/revisions"}],"predecessor-version":[{"id":2746,"href":"https:\/\/www.lto3.nl\/fr\/wp-json\/wp\/v2\/pages\/252\/revisions\/2746"}],"wp:featuredmedia":[{"embeddable":true,"href":"https:\/\/www.lto3.nl\/fr\/wp-json\/wp\/v2\/media\/2204"}],"wp:attachment":[{"href":"https:\/\/www.lto3.nl\/fr\/wp-json\/wp\/v2\/media?parent=252"}],"curies":[{"name":"wp","href":"https:\/\/api.w.org\/{rel}","templated":true}]}}