{"id":28,"date":"2012-05-25T20:53:15","date_gmt":"2012-05-25T20:53:15","guid":{"rendered":"https:\/\/www.lto3.nl\/?page_id=28"},"modified":"2022-03-31T21:22:29","modified_gmt":"2022-03-31T21:22:29","slug":"lto3-information-sur-le-produit","status":"publish","type":"page","link":"https:\/\/www.lto3.nl\/fr\/lto3-information-sur-le-produit\/","title":{"rendered":"Composition et ingr\u00e9dients de travail de LTO3"},"content":{"rendered":"<h2 class=\"wp-block-heading\">Composition des capsules LTO3<\/h2>\n\n\n\n<p><strong>Composition LTO3 :\u00a0<\/strong><br>Le compl\u00e9ment LTO3 se compose de capsules contenant de la L-Th\u00e9anine issue d'acides glutamiques, d'extraits naturels d'\u0153ufs de poisson (Sementis*) contenant 21 - 31% comme ADN marin actif antioxydant et de Glide (Scutellaria lateriflora - uniquement les parties a\u00e9riennes).<\/p>\n\n\n\n<p><strong>Ingr\u00e9dients :<\/strong><br>L-Th\u00e9anine, extrait d'\u0153ufs de poisson (Sementis), Blue Glide, Pullulan (Capsule), agent de s\u00e9paration st\u00e9arate de magn\u00e9sium. (Pour plus d'informations sur les effets de ces ingr\u00e9dients, consultez les sites suivants <i>LTO3<\/i> Vous le trouverez plus bas sur la page)<\/p>\n\n\n\n<p><strong>Contenu 1 bocal :<br><\/strong>90 capsules = 30,24 g<\/p>\n\n\n\n<p><strong>Date d'expiration :<\/strong><br>(voir l'\u00e9tiquette)<\/p>\n\n\n\n<p>Principes actifs :<\/p>\n\n\n\n<figure class=\"wp-block-table\"><table><tbody><tr><td>&nbsp;<\/td><td>\n<p align=\"center\">Par<br>100 g<\/p>\n<\/td><td>\n<p align=\"center\">Par 2 capsules<br>dose quotidienne<\/p>\n<\/td><td>\n<p align=\"center\">Par 3 capsules<br>dose quotidienne<\/p>\n<\/td><\/tr><tr><td>L-Th\u00e9anine<\/td><td>\n<p align=\"center\">29,8 g<\/p>\n<\/td><td>\n<p align=\"center\">200 mg<\/p>\n<\/td><td>\n<p align=\"center\">300 mg<\/p>\n<\/td><\/tr><tr><td>Sementis<\/td><td>\n<p align=\"center\">29,8 g<\/p>\n<\/td><td>\n<p align=\"center\">200 mg<\/p>\n<\/td><td>\n<p align=\"center\">300 mg<\/p>\n<\/td><\/tr><tr><td>Bleu<br>Cowslip<\/td><td>\n<p align=\"center\">14,9 g<\/p>\n<\/td><td>\n<p align=\"center\">100 mg<\/p>\n<\/td><td>\n<p align=\"center\">150 mg<\/p>\n<\/td><\/tr><\/tbody><\/table><\/figure>\n\n\n\n<h2 class=\"wp-block-heading\">Que fait le LTO3 ?<\/h2>\n\n\n\n<h3 class=\"wp-block-heading\">Des informations compl\u00e8tes sur la fa\u00e7on dont les ingr\u00e9dients de LTO3 fonctionnent.<\/h3>\n\n\n\n<div style=\"height:10px\" aria-hidden=\"true\" class=\"wp-block-spacer\"><\/div>\n\n\n\n<h5 class=\"wp-block-heading\"><strong><mark style=\"background-color:rgba(0, 0, 0, 0)\" class=\"has-inline-color has-theme-palette-1-color\">L-th\u00e9anine<\/mark><\/strong><\/h5>\n\n\n\n<p>La L-Th\u00e9anine est un acide amin\u00e9 d\u00e9riv\u00e9 d'un autre acide amin\u00e9, la L-Glutamine, et est pure \u00e0 100%.<\/p>\n\n\n\n<div class=\"wp-block-image is-style-default\"><figure class=\"alignright is-resized\"><a href=\"https:\/\/smartvital.eu\/product\/lto3-origineel\/\" target=\"_blank\" rel=\"noopener\"><img loading=\"lazy\" decoding=\"async\" src=\"https:\/\/www.lto3.nl\/wp-content\/uploads\/2021\/01\/LTO3-origineel.png\" alt=\"Composition du LTO3 et informations sur le produit. Bocal original LTO3.\" class=\"wp-image-1877\" width=\"151\" height=\"284\" title=\"\" srcset=\"https:\/\/www.lto3.nl\/wp-content\/uploads\/2021\/01\/LTO3-origineel.png 319w, https:\/\/www.lto3.nl\/wp-content\/uploads\/2021\/01\/LTO3-origineel-160x300.png 160w\" sizes=\"auto, (max-width: 151px) 100vw, 151px\" \/><\/a><\/figure><\/div>\n\n\n\n<p>La L-Th\u00e9anine augmente les niveaux de dopamine (le neurotransmetteur du plaisir et de la r\u00e9compense) et de s\u00e9rotonine (le principal neurotransmetteur inhibiteur) dans le cerveau, qui sont fortement r\u00e9duits en cas de stress et de surmenage.<\/p>\n\n\n\n<p>La L-Th\u00e9anine traverse facilement la barri\u00e8re h\u00e9mato-enc\u00e9phalopathique et produit un effet calmant dans le cerveau.<\/p>\n\n\n\n<p>La L-th\u00e9anine prot\u00e8ge le cerveau de la neurotoxicit\u00e9 induite par le glutamate, qui est un facteur important dans les maladies d\u00e9g\u00e9n\u00e9ratives.<\/p>\n\n\n\n<p>La L-Th\u00e9anine induit une relaxation sans provoquer de somnolence, ce qui peut \u00eatre v\u00e9rifi\u00e9 par le fait que le cerveau cr\u00e9e davantage d'ondes alpha. Les recherches montrent que cela am\u00e9liore la capacit\u00e9 du cerveau \u00e0 se concentrer.<\/p>\n\n\n\n<p>Contrairement \u00e0 la caf\u00e9ine, il augmente les niveaux de GABA (acide gamma-aminobutyrique) dans le cerveau ; le GABA est un neurotransmetteur qui contribue \u00e0 la relaxation et \u00e0 une sensation de bien-\u00eatre.<\/p>\n\n\n\n<p>Il est rapidement absorb\u00e9 par l'intestin gr\u00eale et transport\u00e9 directement au cerveau. Une dose efficace se situe entre 50 et 200 mg ; il suffit de 30 \u00e0 40 minutes pour se sentir \u00e9veill\u00e9 et alerte. Cet \u00e9tat mental et \u00e9motionnel dure environ 8 \u00e0 12 heures.<\/p>\n\n\n\n<div style=\"height:10px\" aria-hidden=\"true\" class=\"wp-block-spacer\"><\/div>\n\n\n\n<h5 class=\"wp-block-heading\"><strong><mark style=\"background-color:rgba(0, 0, 0, 0)\" class=\"has-inline-color has-theme-palette-1-color\">L'huile de poisson dans le LTO3 r\u00e9gulier : Sementis<\/mark><\/strong><\/h5>\n\n\n\n<p>Le Sementis est un extrait d'\u0153ufs de poisson provenant du hareng sauvage de l'Atlantique. Il contient de grandes quantit\u00e9s d'ADN oc\u00e9anique (21 \u00e0 31%), un puissant antioxydant efficace contre le stress et la sur-fatigue. Sementis contient \u00e9galement de la vitamine C (404+\/-150\u03bcg\/100g), du zinc (10-60\u03bcg\/100g) et du s\u00e9l\u00e9nium(0,1-2,0\u03bcg\/100g) Sementis offre un rapport id\u00e9al entre les acides gras Om\u00e9ga3 et Om\u00e9ga6 (36:1) ; Om\u00e9ga3 : 28.6%, Om\u00e9ga6 :0.8%. Acide eicosapenta\u00e9no\u00efque (EPA) : 8,3% Acide docosahexa\u00e9no\u00efque (DHA) : 20,2%<\/p>\n\n\n\n<div style=\"height:10px\" aria-hidden=\"true\" class=\"wp-block-spacer\"><\/div>\n\n\n\n<h5 class=\"wp-block-heading\"><strong><mark style=\"background-color:rgba(0, 0, 0, 0)\" class=\"has-inline-color has-theme-palette-1-color\">Huile de poisson dans LTO3 'No Taste' : Omega 3-DHA poudre(-NG)<\/mark><\/strong><\/h5>\n\n\n\n<p><span style=\"text-decoration: underline;\">LTO3<\/span> Les g\u00e9lules \"sans go\u00fbt\" ont \u00e9t\u00e9 sp\u00e9cialement con\u00e7ues pour les personnes ayant des difficult\u00e9s \u00e0 avaler. Ils peuvent facilement \u00eatre ouverts et m\u00e9lang\u00e9s \u00e0 un liquide. L'avantage est que vous ne ressentirez pas d'effets secondaires d\u00e9sagr\u00e9ables.<\/p>\n\n\n\n<p>La poudre d'om\u00e9ga 3-DHA (-NG) est encapsul\u00e9e dans des capsules microscopiques, pr\u00e9servant ainsi les \u00e9l\u00e9ments actifs EPA et DHA, les propri\u00e9t\u00e9s de l'huile de poisson et la source d'om\u00e9ga 3 la plus pure et la meilleure, tout en laissant le go\u00fbt et l'odeur typiques du poisson sans effet ou presque. La poudre Omega 3-DHA(-NG) est un extrait d'huile de poisson provenant de thon issu de p\u00eacheries \u00e9cologiques, de la plus haute qualit\u00e9 et puret\u00e9. Garantie d'absence de m\u00e9taux lourds et de toxines.<\/p>\n\n\n\n<div style=\"height:10px\" aria-hidden=\"true\" class=\"wp-block-spacer\"><\/div>\n\n\n\n<h5 class=\"wp-block-heading\"><strong><mark style=\"background-color:rgba(0, 0, 0, 0)\" class=\"has-inline-color has-theme-palette-1-color\">Gla\u00e7on bleu (Scutellaria Lateriflora)<\/mark><\/strong><\/h5>\n\n\n\n<p>Le millepertuis contenu dans les g\u00e9lules sert \u00e0 soutenir le syst\u00e8me nerveux et \u00e0 r\u00e9duire le stress, les peurs, la nervosit\u00e9 et les tensions, \u00e9galement en cas de tension psychologique. Il a un effet calmant sur l'agitation physique.<\/p>\n\n\n\n<h2 class=\"wp-block-heading\">Dosage LTO3<\/h2>\n\n\n\n<p><strong>La dose recommand\u00e9e de LTO3 d\u00e9pend du poids corporel.<\/strong><\/p>\n\n\n\n<p>Jusqu'\u00e0 45 kg inclus : 2 capsules le matin, au moins 10 minutes avant le petit-d\u00e9jeuner.<br>Plus de 45 kg : 3 capsules le matin au moins 10 minutes avant le petit-d\u00e9jeuner.<\/p>\n\n\n\n<p>L'effet du LTO3 se fait sentir dans les 30 \u00e0 40 minutes et dure de 8 \u00e0 12 heures.<\/p>\n\n\n\n<p><span style=\"text-decoration: underline;\">Veuillez noter :<\/span><br>La plupart des gens voient des r\u00e9sultats imm\u00e9diatement d\u00e8s le(s) premier(s) jour(s), mais dans certains cas, il faut plusieurs semaines avant de constater un effet positif. Soyez patient et donnez \u00e0 votre corps le temps de s'habituer \u00e0 LTO3. N'oubliez pas que LTO3 est un produit naturel et qu'il n'agit pas de la m\u00eame mani\u00e8re que les produits pharmaceutiques. Ce n'est qu'apr\u00e8s deux mois que l'on peut tirer des conclusions sur l'effet de LTO3 et le meilleur dosage. Dans moins de 5% des cas, LTO3 n'a aucun effet.<\/p>\n\n\n\n<p>Pour <a title=\"Exp\u00e9riences LTO3\" href=\"https:\/\/www.lto3.nl\/fr\/experiences-lto3\/\">exp\u00e9riences lto3<\/a> vous pouvez <a title=\"Exp\u00e9riences LTO3\" href=\"https:\/\/www.lto3.nl\/fr\/experiences-lto3\/\">ici<\/a> \u00e0 juste titre. <\/p>\n\n\n\n<p>Voir notre <strong><a href=\"https:\/\/www.lto3.nl\/fr\/faq-lto3-dosering\/\" data-type=\"page\" data-id=\"504\">FAQ pour les r\u00e9ponses aux questions fr\u00e9quemment pos\u00e9es sur LTO3<\/a>.<\/strong><\/p>\n\n\n\n<div style=\"height:25px\" aria-hidden=\"true\" class=\"wp-block-spacer\"><\/div>\n\n\n\n<div class=\"wp-block-image is-style-default\"><figure class=\"aligncenter\"><a href=\"https:\/\/smartvital.eu\/product\/lto3-origineel\/\" target=\"_blank\" rel=\"nofollow noopener\"><img loading=\"lazy\" decoding=\"async\" width=\"431\" height=\"208\" src=\"https:\/\/www.lto3.nl\/wp-content\/uploads\/2021\/01\/LTO3-bestellen.jpg\" alt=\"Commander LTO3\" class=\"wp-image-1880\" title=\"lto3\" srcset=\"https:\/\/www.lto3.nl\/wp-content\/uploads\/2021\/01\/LTO3-bestellen.jpg 431w, https:\/\/www.lto3.nl\/wp-content\/uploads\/2021\/01\/LTO3-bestellen-300x145.jpg 300w\" sizes=\"auto, (max-width: 431px) 100vw, 431px\" \/><\/a><\/figure><\/div>","protected":false},"excerpt":{"rendered":"<p>Composition des capsules LTO3 Le suppl\u00e9ment LTO3 est compos\u00e9 de capsules contenant de la L-Th\u00e9anine issue de l'acide glutamique, des extraits naturels d'\u0153ufs de poisson (Sementis*) contenant 21 - 31% comme ADN marin actif antioxydant et Blue Glide (Scutellaria lateriflora - uniquement les parties a\u00e9riennes). Ingr\u00e9dients:L-Th\u00e9anine, extrait d'\u0153ufs de poisson (Sementis), Blue Glide, Pullulan (Capsule), agent de s\u00e9paration st\u00e9arate de magn\u00e9sium. (Plus d'informations sur les effets de ces ingr\u00e9dients dans LTO3....<\/p>","protected":false},"author":1,"featured_media":2204,"parent":0,"menu_order":0,"comment_status":"open","ping_status":"closed","template":"","meta":{"_kad_post_transparent":"","_kad_post_title":"","_kad_post_layout":"","_kad_post_sidebar_id":"","_kad_post_content_style":"","_kad_post_vertical_padding":"","_kad_post_feature":"","_kad_post_feature_position":"","_kad_post_header":false,"_kad_post_footer":false,"footnotes":""},"class_list":["post-28","page","type-page","status-publish","has-post-thumbnail","hentry"],"_links":{"self":[{"href":"https:\/\/www.lto3.nl\/fr\/wp-json\/wp\/v2\/pages\/28","targetHints":{"allow":["GET"]}}],"collection":[{"href":"https:\/\/www.lto3.nl\/fr\/wp-json\/wp\/v2\/pages"}],"about":[{"href":"https:\/\/www.lto3.nl\/fr\/wp-json\/wp\/v2\/types\/page"}],"author":[{"embeddable":true,"href":"https:\/\/www.lto3.nl\/fr\/wp-json\/wp\/v2\/users\/1"}],"replies":[{"embeddable":true,"href":"https:\/\/www.lto3.nl\/fr\/wp-json\/wp\/v2\/comments?post=28"}],"version-history":[{"count":0,"href":"https:\/\/www.lto3.nl\/fr\/wp-json\/wp\/v2\/pages\/28\/revisions"}],"wp:featuredmedia":[{"embeddable":true,"href":"https:\/\/www.lto3.nl\/fr\/wp-json\/wp\/v2\/media\/2204"}],"wp:attachment":[{"href":"https:\/\/www.lto3.nl\/fr\/wp-json\/wp\/v2\/media?parent=28"}],"curies":[{"name":"wp","href":"https:\/\/api.w.org\/{rel}","templated":true}]}}