{"id":504,"date":"2012-09-02T09:33:53","date_gmt":"2012-09-02T09:33:53","guid":{"rendered":"https:\/\/www.lto3.nl\/?page_id=504"},"modified":"2022-12-22T14:45:40","modified_gmt":"2022-12-22T13:45:40","slug":"faq-lto3","status":"publish","type":"page","link":"https:\/\/www.lto3.nl\/fr\/faq-lto3\/","title":{"rendered":"Questions et r\u00e9ponses LTO3 - FAQ"},"content":{"rendered":"<style>.kb-table-of-content-nav.kb-table-of-content-id_5f0ce4-7a .kb-table-of-content-wrap{margin-top:0px;margin-right:0px;margin-bottom:0px;margin-left:0px;padding-top:0px;padding-right:0px;padding-bottom:50px;padding-left:0px;}.kb-table-of-content-nav.kb-table-of-content-id_5f0ce4-7a .kb-table-of-contents-title-wrap{padding-top:0px;padding-right:0px;padding-bottom:0px;padding-left:0px;border-top-width:0px;border-right-width:0px;border-bottom-width:0px;border-left-width:0px;}.kb-table-of-content-nav.kb-table-of-content-id_5f0ce4-7a .kb-table-of-contents-title-wrap{color:var(--global-palette1, #3182CE);}.kb-table-of-content-nav.kb-table-of-content-id_5f0ce4-7a .kb-table-of-contents-title{color:var(--global-palette1, #3182CE);font-size:20px;font-weight:bold;font-style:normal;text-transform:none;}.kb-table-of-content-nav.kb-table-of-content-id_5f0ce4-7a .kb-table-of-content-wrap .kb-table-of-content-list{color:var(--global-palette3, #1A202C);font-weight:bold;font-style:normal;margin-top:20px;margin-right:0px;margin-bottom:0px;margin-left:-12px;}.kb-table-of-content-nav.kb-table-of-content-id_5f0ce4-7a .kb-table-of-content-wrap .kb-table-of-content-list .kb-table-of-contents__entry:hover{color:var(--global-palette1, #3182CE);}.kb-table-of-content-nav.kb-table-of-content-id_5f0ce4-7a .kb-table-of-content-list li{margin-bottom:2px;}.kb-table-of-content-nav.kb-table-of-content-id_5f0ce4-7a .kb-table-of-content-list li .kb-table-of-contents-list-sub{margin-top:2px;}@media all and (max-width: 1024px){.kb-table-of-content-nav.kb-table-of-content-id_5f0ce4-7a .kb-table-of-contents-title{font-size:18px;}}@media all and (max-width: 767px){.kb-table-of-content-nav.kb-table-of-content-id_5f0ce4-7a .kb-table-of-contents-title{font-size:15px;}}<\/style>\n\n<div id=\"rank-math-faq\" class=\"rank-math-block\">\n<div class=\"rank-math-list\">\n<div id=\"faq-question-1648651759064\" class=\"rank-math-list-item\">\n<h3 class=\"rank-math-question\" id=\"hoeveel-capsules-zitten-er-in-een-potje-lto3\">Combien de capsules y a-t-il dans un pot de LTO3 ?<\/h3>\n<div class=\"rank-math-answer\">\n\n<p>Dans un <a href=\"https:\/\/www.lto3.nl\/fr\/lto3-information-sur-le-produit\/\" data-type=\"page\" data-id=\"28\" data-schema-attribute=\"mentions\">pot de LTO3<\/a> contient 90 capsules.<\/p>\n\n<\/div>\n<\/div>\n<div id=\"faq-question-1648651783460\" class=\"rank-math-list-item\">\n<h3 class=\"rank-math-question\" id=\"hoelang-doe-je-met-een-potje-lto3\">Combien de temps dure un pot de LTO3 ?<\/h3>\n<div class=\"rank-math-answer\">\n\n<p>En moyenne, la plupart des gens utilisent environ 1 mois de LTO3. Ceci s'applique lorsque vous prenez 3 capsules par jour. La dur\u00e9e d\u00e9pend enti\u00e8rement du dosage et de la fr\u00e9quence d'utilisation. Il y a des gens qui choisissent d'utiliser LTO3 uniquement pendant la semaine. Un pot dure environ 6 semaines si vous prenez 3 capsules par jour. Les personnes tr\u00e8s sensibles ou les enfants qui ne prennent que 1 ou 2 capsules par jour font 2 mois ou plus avec un pot. Il y a aussi des personnes qui prennent 2 capsules suppl\u00e9mentaires en fin d'apr\u00e8s-midi pour un effet optimal le soir. Ils en font \u00e9videmment moins avec un pot.<\/p>\n\n<\/div>\n<\/div>\n<div id=\"faq-question-1648827007318\" class=\"rank-math-list-item\">\n<h3 class=\"rank-math-question\" id=\"wat-is-lto3-en-wat-doet-het\">Qu'est-ce que le LTO3 et que fait-il ?<\/h3>\n<div class=\"rank-math-answer\">\n<img loading=\"lazy\" decoding=\"async\" width=\"160\" height=\"300\" src=\"https:\/\/www.lto3.nl\/wp-content\/uploads\/2021\/01\/LTO3-origineel-160x300.png\" class=\"alignright\" alt=\"Achetez du LTO3, l&#039;original. Qu&#039;est-ce que le LTO3 ?\" title=\"\">\n<p>LTO3 est un suppl\u00e9ment naturel de haute qualit\u00e9 qui d\u00e9tend votre corps tout en vous gardant clair et alerte. Il am\u00e9liore la concentration des enfants et des adultes. Les gens disent que gr\u00e2ce \u00e0 LTO3 ils connaissent plus de repos, de relaxation et une meilleure r\u00e9sistance au stress. LTO3 a \u00e9galement un effet stimulant, am\u00e9liore le sommeil et r\u00e9duit la sensibilit\u00e9 aux stimuli.<\/p>\n\n<\/div>\n<\/div>\n<div id=\"faq-question-1648652087416\" class=\"rank-math-list-item\">\n<h3 class=\"rank-math-question\" id=\"wat-is-de-beste-lto3-dosering\">Quel est le meilleur dosage de LTO3 ?<\/h3>\n<div class=\"rank-math-answer\">\n\n<p>La dose recommand\u00e9e de LTO3 est fonction du poids corporel, mais elle varie beaucoup d'une personne \u00e0 l'autre. Les directives g\u00e9n\u00e9rales pour un dosage correct de LTO3 sont les suivantes :<\/p>\n<p> <strong>- Enfants jusqu'\u00e0 45 kg : prendre 2 capsules, au moins 10 minutes avant le petit-d\u00e9jeuner.<\/strong><br \/><strong><br \/> - Adultes et enfants de plus de 45 kg : 3 capsules, au moins 10 minutes avant le petit-d\u00e9jeuner.<\/strong><\/p>\n<p>Cette dose est g\u00e9n\u00e9ralement suffisante, mais si les sympt\u00f4mes sont graves, il est parfois utile de prendre une dose plus \u00e9lev\u00e9e.<\/p>\n<p>Les personnes tr\u00e8s sensibles peuvent ressentir certains effets secondaires au d\u00e9but. Dans ce cas, il est recommand\u00e9 de r\u00e9duire imm\u00e9diatement la dose \u00e0 1 ou m\u00eame une demi-g\u00e9lule par jour. Au cours de quelques jours, vous pouvez augmenter lentement la dose. Le corps sera alors mieux \u00e0 m\u00eame de s'habituer aux ingr\u00e9dients. Les effets secondaires indiquent g\u00e9n\u00e9ralement que l'organisme r\u00e9agit bien au LTO3, de sorte que vous ressentirez g\u00e9n\u00e9ralement un effet positif au fil du temps. <\/p>\n<p>Vous pouvez prendre une demi-capsule en l'ouvrant et en m\u00e9langeant le contenu avec de la compote de pommes ou une boisson. Pas de boissons sucr\u00e9es, de pr\u00e9f\u00e9rence juste de l'eau.<\/p>\n\n<\/div>\n<\/div>\n<div id=\"faq-question-1648654977884\" class=\"rank-math-list-item\">\n<h3 class=\"rank-math-question\" id=\"hoe-snel-werkt-lto3\">A quelle vitesse fonctionne le LTO3 ?<\/h3>\n<div class=\"rank-math-answer\">\n\n<p>LTO3 prend souvent effet d\u00e8s le premier jour. L'effet est perceptible environ 45 minutes apr\u00e8s la prise. Chez certaines personnes, il faut quelques jours, voire quelques semaines, pour que LTO3 fasse effet, et dans certains cas exceptionnels, il faut jusqu'\u00e0 2 mois pour que l'effet soit optimal.<\/p>\n\n<\/div>\n<\/div>\n<div id=\"faq-question-1648653441886\" class=\"rank-math-list-item\">\n<h3 class=\"rank-math-question\" id=\"waarom-lto3-op-de-nuchtere-maag-innemen\">Pourquoi prendre LTO3 \u00e0 jeun ?<\/h3>\n<div class=\"rank-math-answer\">\n\n<p>Pour une bonne absorption de LTO3 dans le sang, il est important que le tractus gastro-intestinal soit aussi vide que possible. Le sucre et les produits laitiers en particulier peuvent quelque peu entraver l'absorption.<\/p>\n\n<\/div>\n<\/div>\n<div id=\"faq-question-1648653802812\" class=\"rank-math-list-item\">\n<h3 class=\"rank-math-question\" id=\"hoe-kan-ik-het-beste-lto3-innemen\">Quelle est la meilleure fa\u00e7on de prendre LTO3 ?<\/h3>\n<div class=\"rank-math-answer\">\n\n<p>Il est pr\u00e9f\u00e9rable de <a href=\"https:\/\/www.lto3.nl\/fr\/\">LTO3<\/a> Prendre avec de l'eau ou du jus au moins 10 minutes avant les repas. Pour une absorption optimale, prenez-le avec quelque chose qui ne contient pas de sucres ajout\u00e9s. Le sucre raffin\u00e9 peut quelque peu entraver l'absorption de LTO3 dans le sang. Les produits laitiers peuvent \u00e9galement entraver l'absorption car ils peuvent laisser un film muqueux dans les intestins. Attendez au moins 10 minutes apr\u00e8s la prise de LTO3 avant de consommer des produits laitiers et au moins 1 heure avant de prendre des sucres raffin\u00e9s.<\/p>\n\n<\/div>\n<\/div>\n<div id=\"faq-question-1648655163489\" class=\"rank-math-list-item\">\n<h3 class=\"rank-math-question\" id=\"hoe-lang-werkt-lto3\">Combien de temps fonctionne le LTO3 ?<\/h3>\n<div class=\"rank-math-answer\">\n\n<p>En moyenne, le LTO3 continue \u00e0 fonctionner pendant environ 8 \u00e0 12 heures apr\u00e8s son ingestion. Au d\u00e9but de la prise, il faut parfois quelques jours, voire dans de rares cas quelques semaines, pour que l'effet commence \u00e0 se faire sentir dans l'organisme. Si vous avez pris LTO3 pendant un certain temps et que vous l'arr\u00eatez, l'effet peut se poursuivre pendant quelques jours avant de dispara\u00eetre.<\/p>\n\n<\/div>\n<\/div>\n<div id=\"faq-question-1648654638490\" class=\"rank-math-list-item\">\n<h3 class=\"rank-math-question\" id=\"mag-lto3-tijdens-de-zwangerschap-en-borstvoeding-gebruikt-worden\">LTO3 peut-il \u00eatre utilis\u00e9 pendant la grossesse et l'allaitement ?<\/h3>\n<div class=\"rank-math-answer\">\n\n<p>En principe, LTO3 peut \u00eatre pris sans danger pendant la grossesse et l'allaitement. Toutefois, il est toujours conseill\u00e9 de v\u00e9rifier aupr\u00e8s de votre m\u00e9decin, juste pour \u00eatre s\u00fbr. Vous pouvez mentionner que LTO3 contient de la l-th\u00e9anine, qui augmente les niveaux de s\u00e9rotonine et de dopamine dans le cerveau. Il contient \u00e9galement de l'huile de poisson et du blue glide.<\/p>\n\n<\/div>\n<\/div>\n<div id=\"faq-question-1648654710756\" class=\"rank-math-list-item\">\n<h3 class=\"rank-math-question\" id=\"mijn-kind-krijgt-de-capsules-niet-doorgeslikt-kan-lto3-ook-anders-worden-ingenomen\">Mon enfant ne peut pas avaler les g\u00e9lules. LTO3 peut-il aussi \u00eatre pris d'une autre mani\u00e8re ?<\/h3>\n<div class=\"rank-math-answer\">\n\n<p>Oui. Surtout pour cette <a href=\"https:\/\/smartvital.eu\/product\/lto3-smaakloos\/\" target=\"_blank\" rel=\"noreferrer noopener\" data-schema-attribute=\"mentions\">LTO3 sans go\u00fbt (No Taste)<\/a> d\u00e9velopp\u00e9. Vous pouvez facilement ouvrir les capsules et m\u00e9langer le contenu avec une boisson, un peu de compote de pommes ou quelque chose de similaire. De pr\u00e9f\u00e9rence, pas de sucres ajout\u00e9s ni de produits laitiers, car ils peuvent interf\u00e9rer avec l'absorption de LTO3. Vous pouvez \u00e9galement m\u00e9langer la poudre avec une cuill\u00e8re de pur jus \u00e9pais ou un autre sirop sans sucre. Cela fonctionne souvent bien. La version insipide de LTO3 n'a pas un fort go\u00fbt de poisson.<\/p>\n\n<\/div>\n<\/div>\n<div id=\"faq-question-1648655187770\" class=\"rank-math-list-item\">\n<h3 class=\"rank-math-question\" id=\"als-ik-na-2-weken-geen-effect-merk-kan-ik-dan-maar-beter-stoppen-met-lto3\">Si je ne constate aucun effet apr\u00e8s deux semaines, dois-je arr\u00eater de prendre LTO3 ?<\/h3>\n<div class=\"rank-math-answer\">\n\n<p>Il faudra peut-\u00eatre un certain temps pour que les effets de LTO3 deviennent apparents. Si, apr\u00e8s quelques semaines, vous ne remarquez toujours pas d'effet, il est pr\u00e9f\u00e9rable d'augmenter la dose. Dans la plupart des cas, LTO3 prendra alors effet.<\/p>\n\n<\/div>\n<\/div>\n<div id=\"faq-question-1648655499194\" class=\"rank-math-list-item\">\n<h3 class=\"rank-math-question\" id=\"werkt-lto3-bij-iedereen\">Le LTO3 convient-il \u00e0 tout le monde ?<\/h3>\n<div class=\"rank-math-answer\">\n\n<p>Il a \u00e9t\u00e9 d\u00e9montr\u00e9 que LTO3 a un effet positif sur environ 95% des personnes. Souvent avec un grand succ\u00e8s. Malheureusement, il n'existe pas de m\u00e9dicament unique qui fonctionne pour tout le monde. Si, apr\u00e8s quelques semaines, vous ne remarquez toujours pas d'effet, il est pr\u00e9f\u00e9rable d'augmenter la dose. Dans la plupart des cas, le LTO3 fonctionnera encore. Vous ne pourrez tirer une conclusion d\u00e9finitive qu'apr\u00e8s 6 \u00e0 8 semaines. Malheureusement, un petit groupe de personnes n'en b\u00e9n\u00e9ficie pas.<\/p>\n\n<\/div>\n<\/div>\n<div id=\"faq-question-1648827621598\" class=\"rank-math-list-item\">\n<h3 class=\"rank-math-question\" id=\"wat-zijn-de-ingredienten-in-lto3\">Quels sont les ingr\u00e9dients de LTO3 ?<\/h3>\n<div class=\"rank-math-answer\">\n\n<p>LTO3 contient trois ingr\u00e9dients qui ont un effet synergique dans un rapport sp\u00e9cifique. Cela signifie qu'ils renforcent leur effet mutuel. Les ingr\u00e9dients sont les suivants <a href=\"https:\/\/www.lto3.nl\/fr\/lto3-information-sur-le-produit\/\" data-type=\"page\" data-id=\"28\">L-th\u00e9anine, huile de poisson (Sementis) et blue-glide<\/a>. <\/p>\n<p>LTO3 sans go\u00fbt \/ LTO3 no taste ne contient pas de Sementis, mais un autre type de complexe \u00e9cologique d'huile de poisson. Il s'agit d'un complexe d'ingr\u00e9dients naturels de tr\u00e8s haute qualit\u00e9 contenant de la vitamine C et du MEG-3\u00ae. MEG-3 est un concentr\u00e9 d'huile de poisson insipide, raffin\u00e9 et extr\u00eamement pur, produit gr\u00e2ce au proc\u00e9d\u00e9 brevet\u00e9 de microencapsulation Powder-loc\u2122. Il contient des acides gras om\u00e9ga-3 de haute qualit\u00e9 EPA et DHA et de l'ADN oc\u00e9anique antioxydant.<br \/>Le LTO3 normal et le LTO3 sans go\u00fbt ont le m\u00eame effet.<\/p>\n<p>Les ingr\u00e9dients du LTO3 ordinaire et de la variante sans go\u00fbt sont tous \u00e9cologiques et de la plus grande puret\u00e9 possible. Cela rend LTO3 incomparable avec tout autre produit contenant ces ingr\u00e9dients. Pour en savoir plus sur la composition des g\u00e9lules LTO3, des informations d\u00e9taill\u00e9es sur le produit et l'effet des ingr\u00e9dients de LTO3, cliquez sur le lien ci-dessous :<\/p>\n<p><strong><a href=\"https:\/\/www.lto3.nl\/fr\/lto3-information-sur-le-produit\/\" data-type=\"page\" data-id=\"28\">&gt; Informations compl\u00e8tes sur le produit LTO3, sa composition et son mode d'action<\/a><\/strong><\/p>\n\n<\/div>\n<\/div>\n<div id=\"faq-question-1648727487565\" class=\"rank-math-list-item\">\n<h3 class=\"rank-math-question\" id=\"wat-zijn-de-voordelen-van-lto3\">Quels sont les avantages du LTO3 ?<\/h3>\n<div class=\"rank-math-answer\">\n\n<p>Les avantages du LTO3 sont que pour de nombreuses personnes, il semble avoir un effet calmant et stimulant, tout en \u00e9tant 100% naturel. Il am\u00e9liore \u00e9galement la concentration, aide \u00e0 la r\u00e9sistance au stress et aux nerfs, et favorise le sommeil pour beaucoup. Un autre grand avantage du LTO3 est qu'il n'a pas d'effet de rebond. L'effet bien connu qui se produit avec de nombreux m\u00e9dicaments stimulants lorsqu'ils ne font plus effet.<\/p>\n<p>En outre, LTO3 peut \u00eatre utilis\u00e9 en toute s\u00e9curit\u00e9 d\u00e8s l'\u00e2ge de 3 ans et il n'existe aucune contre-indication connue avec d'autres m\u00e9dicaments ou rem\u00e8des (hom\u00e9opathiques). Pratiquement aucun effet secondaire n'est signal\u00e9 pour LTO3.<\/p>\n\n<\/div>\n<\/div>\n<div id=\"faq-question-1648729014496\" class=\"rank-math-list-item\">\n<h3 class=\"rank-math-question\" id=\"wat-zijn-de-nadelen-van-lto3\">Quels sont les inconv\u00e9nients du LTO3 ?<\/h3>\n<div class=\"rank-math-answer\">\n\n<p>Le LTO3 pr\u00e9sente peu d'inconv\u00e9nients. Il s'agit d'un compl\u00e9ment naturel qui semble fonctionner tr\u00e8s bien pour de nombreuses personnes et qui peut \u00eatre utilis\u00e9 en toute s\u00e9curit\u00e9 d\u00e8s l'\u00e2ge de 3 ans. Nous pouvons penser \u00e0 3 inconv\u00e9nients. Un inconv\u00e9nient est que le LTO3 ne fonctionne pas toujours bien pour tout le monde. C'est en fait vrai pour tout compl\u00e9ment ou m\u00e9dicament, mais c'est un \u00e9l\u00e9ment \u00e0 prendre en compte. Cela semble bien fonctionner pour environ 95% des personnes. Parfois, il fonctionne d\u00e8s le premier jour et parfois, il faut quelques jours ou quelques semaines pour qu'il fonctionne de mani\u00e8re optimale.<\/p>\n<p>Un deuxi\u00e8me inconv\u00e9nient est le prix. Un pot n'est pas bon march\u00e9, ce qui s'explique par la haute qualit\u00e9 des ingr\u00e9dients. Ce sont tous des ingr\u00e9dients \u00e9cologiques, un standard encore meilleur que le bio. <\/p>\n<p>Comme dernier inconv\u00e9nient, nous aimerions souligner que les personnes tr\u00e8s sensibles ressentent parfois une augmentation des sympt\u00f4mes au d\u00e9but. Il est alors pr\u00e9f\u00e9rable de r\u00e9duire imm\u00e9diatement la dose \u00e0 1 capsule. Les plaintes accrues s'att\u00e9nuent alors rapidement et la dose peut \u00eatre augment\u00e9e lentement.<\/p>\n\n<\/div>\n<\/div>\n<div id=\"faq-question-1648655534911\" class=\"rank-math-list-item\">\n<h3 class=\"rank-math-question\" id=\"heeft-lto3-bijwerkingen\">LTO3 a-t-il des effets secondaires ?<\/h3>\n<div class=\"rank-math-answer\">\n\n<p>Depuis que LTO3 est entr\u00e9 sur le march\u00e9 canadien en 2004, il n'y a eu aucun effet secondaire grave connu. Chez les personnes tr\u00e8s sensibles, les sympt\u00f4mes augmentent parfois au d\u00e9but. Il est alors utile de r\u00e9duire imm\u00e9diatement la dose \u00e0 1 ou m\u00eame une demi-capsule par jour et, si n\u00e9cessaire, d'augmenter lentement la dose. Tu peux prendre une demi-g\u00e9lule par jour en ouvrant la g\u00e9lule puis en dissolvant environ la moiti\u00e9 dans une boisson sans sucre ou une bouch\u00e9e de nourriture, puis en prenant la g\u00e9lule avec l'autre moiti\u00e9 le jour suivant. Cette augmentation des sympt\u00f4mes est g\u00e9n\u00e9ralement un signe positif que le corps r\u00e9agit \u00e0 LTO3 et, \u00e0 un dosage correct, peut commencer \u00e0 donner beaucoup de bienfaits.<br \/>En cas d'allergie existante au poisson, des r\u00e9actions allergiques peuvent survenir dans de rares cas. Dans ce cas, nous recommandons de ne pas utiliser LTO3 ou \u00e0 tr\u00e8s faible dose.<\/p>\n\n<\/div>\n<\/div>\n<div id=\"faq-question-1648655907143\" class=\"rank-math-list-item\">\n<h3 class=\"rank-math-question\" id=\"is-overdosering-van-lto3-mogelijk\">Une surdose de LTO3 est-elle possible ?<\/h3>\n<div class=\"rank-math-answer\">\n\n<p>Non, depuis pr\u00e8s de 20 ans que le LTO3 est utilis\u00e9 (principalement au Canada), aucun cas d'overdose n'a \u00e9t\u00e9 signal\u00e9.<\/p>\n\n<\/div>\n<\/div>\n<div id=\"faq-question-1648657209464\" class=\"rank-math-list-item\">\n<h3 class=\"rank-math-question\" id=\"is-lto3-gevaarlijk\">Le LTO3 est-il dangereux ?<\/h3>\n<div class=\"rank-math-answer\">\n\n<p>Non, le LTO3 est commercialis\u00e9 au Canada depuis pr\u00e8s de 20 ans. Il n'a jamais \u00e9t\u00e9 fait \u00e9tat de r\u00e9actions dangereuses ou de contre-indications aux m\u00e9dicaments.<\/p>\n\n<\/div>\n<\/div>\n<div id=\"faq-question-1648655967197\" class=\"rank-math-list-item\">\n<h3 class=\"rank-math-question\" id=\"kan-lto3-samen-met-medicatie-worden-genomen\">LTO3 peut-il \u00eatre pris en m\u00eame temps que des m\u00e9dicaments ?<\/h3>\n<div class=\"rank-math-answer\">\n\n<p>Oui, depuis que le LTO3 a \u00e9t\u00e9 introduit sur le march\u00e9 canadien en 2004, aucun rapport n'a fait \u00e9tat d'effets ind\u00e9sirables en association avec des m\u00e9dicaments ou d'autres substances. Cependant, il est pr\u00e9f\u00e9rable de prendre vos m\u00e9dicaments au moins 30 minutes apr\u00e8s avoir pris LTO3. Les antid\u00e9presseurs qui agissent sur le syst\u00e8me s\u00e9rotoninergique doivent \u00eatre pris au moins 2 heures apr\u00e8s la prise de LTO3. Nous vous recommandons de toujours consulter votre m\u00e9decin.<\/p>\n\n<\/div>\n<\/div>\n<div id=\"faq-question-1648656148554\" class=\"rank-math-list-item\">\n<h3 class=\"rank-math-question\" id=\"is-lto3-veilig-voor-kinderen\">LTO3 est-il s\u00fbr pour les enfants ?<\/h3>\n<div class=\"rank-math-answer\">\n\n<p>Oui, les enfants de plus de 3 ans peuvent prendre LTO3 en toute s\u00e9curit\u00e9. Si l'ingestion des g\u00e9lules pose des probl\u00e8mes, il est possible de choisir LTO3 sans go\u00fbt. C'est la version sans saveur. Vous pouvez ouvrir ces g\u00e9lules et les m\u00e9langer avec de l'eau ou de la compote de pommes. Il est pr\u00e9f\u00e9rable de ne pas le prendre avec des boissons sucr\u00e9es.<\/p>\n\n<\/div>\n<\/div>\n<div id=\"faq-question-1648656278810\" class=\"rank-math-list-item\">\n<h3 class=\"rank-math-question\" id=\"welke-zorgverzekeraar-vergoedt-lto3\">Quel assureur maladie rembourse LTO3 ?<\/h3>\n<div class=\"rank-math-answer\">\n\n<p>Pendant de nombreuses ann\u00e9es, PNOzorg \u00e9tait la caisse maladie qui remboursait LTO3 dans le cadre d'un forfait compl\u00e9mentaire. Malheureusement, cela a cess\u00e9. Les num\u00e9ros ZI ci-dessous \u00e9taient utilis\u00e9s avant cela, mais cet enregistrement a maintenant \u00e9t\u00e9 abandonn\u00e9 et les num\u00e9ros ne sont donc plus actifs.<\/p>\n<p><strong>Num\u00e9ro ZI LTO3 original : 15855015<\/p>\n<p>Num\u00e9ro Zi LTO3 sans saveur : 15855023<\/strong><\/p>\n<p>La principale raison du non-remboursement est que LTO3 est un compl\u00e9ment alimentaire et qu'en tant que tel, il ne peut pas \u00eatre rembours\u00e9. Le remboursement des assureurs maladie peut changer de temps en temps. Il est conseill\u00e9 de demander des informations \u00e0 ton assureur maladie lui-m\u00eame. Ta caisse d'assurance maladie peut \u00eatre pr\u00eate \u00e0 te rembourser si LTO3 t'a aid\u00e9 \u00e0 arr\u00eater certains m\u00e9dicaments. Cela vaut la peine d'essayer.<\/p>\n\n<\/div>\n<\/div>\n<div id=\"faq-question-1648656741828\" class=\"rank-math-list-item\">\n<h3 class=\"rank-math-question\" id=\"waar-kun-je-lto3-kopen\">O\u00f9 puis-je acheter des LTO3 ?<\/h3>\n<div class=\"rank-math-answer\">\n<img loading=\"lazy\" decoding=\"async\" width=\"160\" height=\"300\" src=\"https:\/\/www.lto3.nl\/wp-content\/uploads\/2021\/01\/LTO3-origineel-160x300.png\" class=\"alignright\" alt=\"Achetez du LTO3, l&#039;original. Qu&#039;est-ce que le LTO3 ?\" title=\"\">\n<p>Le meilleur <a href=\"https:\/\/www.lto3.nl\/fr\/commande-lto3\/\">Acheter LTO3<\/a> aupr\u00e8s du distributeur officiel agr\u00e9\u00e9. Voir le lien ci-dessous. Ils poss\u00e8dent l'expertise et sont en contact direct avec le fabricant. L'avantage est qu'ils vous offrent un suivi professionnel, par exemple pour trouver le bon dosage ou pour d'autres questions. Vous payez toujours le prix le plus bas et ils livrent avec une livraison gratuite \u00e0 partir de 2 pots. Voulez-vous essayer LTO3 vous-m\u00eame ? Utilisez le lien ci-dessous pour acheter aupr\u00e8s du distributeur agr\u00e9\u00e9.<\/p>\n<p><strong><a href=\"https:\/\/smartvital.eu\/product\/lto3-origineel\/\" rel=\"nofollow noopener\" data-schema-attribute=\"mentions\" target=\"_blank\">&gt; Achetez LTO3 aupr\u00e8s du distributeur officiel agr\u00e9\u00e9<\/a><\/strong><\/p>\n\n<\/div>\n<\/div>\n<\/div>\n<\/div>\n\n\n<p><\/p>","protected":false},"excerpt":{"rendered":"","protected":false},"author":1,"featured_media":2204,"parent":0,"menu_order":0,"comment_status":"closed","ping_status":"open","template":"","meta":{"_kad_post_transparent":"","_kad_post_title":"default","_kad_post_layout":"narrow","_kad_post_sidebar_id":"","_kad_post_content_style":"default","_kad_post_vertical_padding":"default","_kad_post_feature":"","_kad_post_feature_position":"default","_kad_post_header":false,"_kad_post_footer":false,"footnotes":""},"class_list":["post-504","page","type-page","status-publish","has-post-thumbnail","hentry"],"_links":{"self":[{"href":"https:\/\/www.lto3.nl\/fr\/wp-json\/wp\/v2\/pages\/504","targetHints":{"allow":["GET"]}}],"collection":[{"href":"https:\/\/www.lto3.nl\/fr\/wp-json\/wp\/v2\/pages"}],"about":[{"href":"https:\/\/www.lto3.nl\/fr\/wp-json\/wp\/v2\/types\/page"}],"author":[{"embeddable":true,"href":"https:\/\/www.lto3.nl\/fr\/wp-json\/wp\/v2\/users\/1"}],"replies":[{"embeddable":true,"href":"https:\/\/www.lto3.nl\/fr\/wp-json\/wp\/v2\/comments?post=504"}],"version-history":[{"count":4,"href":"https:\/\/www.lto3.nl\/fr\/wp-json\/wp\/v2\/pages\/504\/revisions"}],"predecessor-version":[{"id":2723,"href":"https:\/\/www.lto3.nl\/fr\/wp-json\/wp\/v2\/pages\/504\/revisions\/2723"}],"wp:featuredmedia":[{"embeddable":true,"href":"https:\/\/www.lto3.nl\/fr\/wp-json\/wp\/v2\/media\/2204"}],"wp:attachment":[{"href":"https:\/\/www.lto3.nl\/fr\/wp-json\/wp\/v2\/media?parent=504"}],"curies":[{"name":"wp","href":"https:\/\/api.w.org\/{rel}","templated":true}]}}